{"id":7506,"date":"2025-11-03T16:19:28","date_gmt":"2025-11-03T15:19:28","guid":{"rendered":"https:\/\/nuvem.paris\/?post_type=product&#038;p=7506"},"modified":"2025-11-09T01:05:06","modified_gmt":"2025-11-09T00:05:06","slug":"t-shirt-feliz-natal-ado-personnalisable","status":"publish","type":"product","link":"https:\/\/nuvem.paris\/index.php\/produit\/t-shirt-feliz-natal-ado-personnalisable\/","title":{"rendered":"T SHIRT Ado <br\/> Feliz Natal"},"content":{"rendered":"<div class=\"woocommerce-tabs wc-tabs-wrapper\">\n<p>ATTENTION : ajouter UNIQUEMENT le nom de famille dans les notes de la commande apr\u00e8s avoir cliqu\u00e9 sur \u00ab\u00a0proc\u00e9der au paiement\u00a0\u00bb, ne pas payer avec Apple pay ou Google pay.<\/p>\n<p>&nbsp;<\/p>\n<p>Nuvem n\u2019est pas responsable des fautes d\u2019orthographe<\/p>\n<p>R\u00e9alis\u00e9e par @didart.custom<\/p>\n<p>Voici la zone personnalisable :<\/p>\n<p><img fetchpriority=\"high\" decoding=\"async\" class=\"alignnone size-medium wp-image-7531\" src=\"https:\/\/nuvem.paris\/wp-content\/uploads\/2025\/11\/spod-3313053-1-null-null-1-300x300.png\" alt=\"\" width=\"300\" height=\"300\" srcset=\"https:\/\/nuvem.paris\/wp-content\/uploads\/2025\/11\/spod-3313053-1-null-null-1-300x300.png 300w, https:\/\/nuvem.paris\/wp-content\/uploads\/2025\/11\/spod-3313053-1-null-null-1-150x150.png 150w, https:\/\/nuvem.paris\/wp-content\/uploads\/2025\/11\/spod-3313053-1-null-null-1-768x768.png 768w, https:\/\/nuvem.paris\/wp-content\/uploads\/2025\/11\/spod-3313053-1-null-null-1-600x600.png 600w, https:\/\/nuvem.paris\/wp-content\/uploads\/2025\/11\/spod-3313053-1-null-null-1-100x100.png 100w, https:\/\/nuvem.paris\/wp-content\/uploads\/2025\/11\/spod-3313053-1-null-null-1.png 1000w\" sizes=\"(max-width: 300px) 100vw, 300px\" \/><\/p>\n<\/div>\n<p>Merci d\u2019ajouter le nom de la ville ici :<\/p>\n<p><img decoding=\"async\" class=\"alignnone size-medium wp-image-2494\" src=\"https:\/\/nuvem.paris\/wp-content\/uploads\/2024\/11\/Capture-decran-2024-11-30-a-12.25.47-300x163.png\" sizes=\"(max-width: 300px) 100vw, 300px\" srcset=\"https:\/\/nuvem.paris\/wp-content\/uploads\/2024\/11\/Capture-decran-2024-11-30-a-12.25.47-300x163.png 300w, https:\/\/nuvem.paris\/wp-content\/uploads\/2024\/11\/Capture-decran-2024-11-30-a-12.25.47-1024x555.png 1024w, https:\/\/nuvem.paris\/wp-content\/uploads\/2024\/11\/Capture-decran-2024-11-30-a-12.25.47-768x416.png 768w, https:\/\/nuvem.paris\/wp-content\/uploads\/2024\/11\/Capture-decran-2024-11-30-a-12.25.47-1536x832.png 1536w, https:\/\/nuvem.paris\/wp-content\/uploads\/2024\/11\/Capture-decran-2024-11-30-a-12.25.47-2048x1110.png 2048w, https:\/\/nuvem.paris\/wp-content\/uploads\/2024\/11\/Capture-decran-2024-11-30-a-12.25.47-600x325.png 600w\" alt=\"\" width=\"300\" height=\"163\" \/><\/p>\n<p><img decoding=\"async\" class=\"alignnone size-medium wp-image-2496\" src=\"https:\/\/nuvem.paris\/wp-content\/uploads\/2024\/11\/Capture-decran-2024-11-30-a-12.28.14-1-300x162.png\" sizes=\"(max-width: 300px) 100vw, 300px\" srcset=\"https:\/\/nuvem.paris\/wp-content\/uploads\/2024\/11\/Capture-decran-2024-11-30-a-12.28.14-1-300x162.png 300w, https:\/\/nuvem.paris\/wp-content\/uploads\/2024\/11\/Capture-decran-2024-11-30-a-12.28.14-1-1024x552.png 1024w, https:\/\/nuvem.paris\/wp-content\/uploads\/2024\/11\/Capture-decran-2024-11-30-a-12.28.14-1-768x414.png 768w, https:\/\/nuvem.paris\/wp-content\/uploads\/2024\/11\/Capture-decran-2024-11-30-a-12.28.14-1-1536x828.png 1536w, https:\/\/nuvem.paris\/wp-content\/uploads\/2024\/11\/Capture-decran-2024-11-30-a-12.28.14-1-2048x1104.png 2048w, https:\/\/nuvem.paris\/wp-content\/uploads\/2024\/11\/Capture-decran-2024-11-30-a-12.28.14-1-600x324.png 600w\" alt=\"\" width=\"300\" height=\"162\" \/><\/p>\n<p>T-shirt classique pour ados avec des manches mont\u00e9es et un col rond<\/p>\n<ul class=\"listMCE\">\n<li>Bords c\u00f4tel\u00e9s 1&#215;1 et bande de propret\u00e9 au col<\/li>\n<li>Double couture aux poignets et \u00e0 la taille<\/li>\n<li>Tissu r\u00e9sistant : 155 g\/m\u00b2<\/li>\n<li>Composition\u00a0: 100 % coton bio<\/li>\n<\/ul>\n<div class=\"size-table \">\n<div class=\"size-image-wrapper\">\n<p><img loading=\"lazy\" decoding=\"async\" src=\"https:\/\/image.spreadshirtmedia.net\/image-server\/v1\/productTypes\/3002\/variants\/size?width=200&amp;height=200\" alt=\"T-shirt bio MINI CREATOR Stanley\/Stella Ado\" width=\"200\" height=\"200\" \/><\/p>\n<div class=\"size-hint\">taille oversize<\/div>\n<\/div>\n<div class=\"size-table-wrapper\">\n<table>\n<thead>\n<tr>\n<th><\/th>\n<th class=\"measure-name\">A<\/th>\n<th class=\"measure-name\">B<\/th>\n<th class=\"measure-name\">C<\/th>\n<\/tr>\n<\/thead>\n<tbody>\n<tr class=\"size size-111\">\n<td class=\"size-cell\">134\/146 (9-11 ans)<\/td>\n<td class=\"measure-cell measure-cell-0\">590 mm<\/td>\n<td class=\"measure-cell measure-cell-1\">420 mm<\/td>\n<td class=\"measure-cell measure-cell-2\">170 mm<\/td>\n<\/tr>\n<tr class=\"size size-438\">\n<td class=\"size-cell\">152\/158 (12-13 ans)<\/td>\n<td class=\"measure-cell measure-cell-0\">660 mm<\/td>\n<td class=\"measure-cell measure-cell-1\">460 mm<\/td>\n<td class=\"measure-cell measure-cell-2\">190 mm<\/td>\n<\/tr>\n<\/tbody>\n<\/table>\n<\/div>\n<\/div>\n","protected":false},"excerpt":{"rendered":"<p>ATTENTION : ajouter UNIQUEMENT le nom de famille dans les notes de la commande apr\u00e8s avoir cliqu\u00e9 sur \u00ab\u00a0proc\u00e9der au paiement\u00a0\u00bb, ne pas payer avec Apple pay ou Google pay. &nbsp; Nuvem n\u2019est pas responsable des fautes d\u2019orthographe R\u00e9alis\u00e9e par @didart.custom Voici la zone personnalisable : Merci d\u2019ajouter le nom de la ville ici : [&hellip;]<\/p>\n","protected":false},"featured_media":7505,"comment_status":"open","ping_status":"closed","template":"","meta":[],"product_brand":[],"product_cat":[86,70],"product_tag":[],"class_list":{"0":"post-7506","1":"product","2":"type-product","3":"status-publish","4":"has-post-thumbnail","6":"product_cat-noel","7":"product_cat-sweat-ados","9":"first","10":"instock","11":"shipping-taxable","12":"purchasable","13":"product-type-variable"},"yoast_head":"<!-- This site is optimized with the Yoast SEO plugin v26.2 - https:\/\/yoast.com\/wordpress\/plugins\/seo\/ -->\n<title>T SHIRT Ado  Feliz Natal - Nuvem<\/title>\n<meta name=\"robots\" content=\"index, follow, max-snippet:-1, max-image-preview:large, max-video-preview:-1\" \/>\n<link rel=\"canonical\" href=\"https:\/\/nuvem.paris\/index.php\/produit\/t-shirt-feliz-natal-ado-personnalisable\/\" \/>\n<meta property=\"og:locale\" content=\"fr_FR\" \/>\n<meta property=\"og:type\" content=\"article\" \/>\n<meta property=\"og:title\" content=\"T SHIRT Ado  Feliz Natal - Nuvem\" \/>\n<meta property=\"og:description\" content=\"ATTENTION : ajouter UNIQUEMENT le nom de famille dans les notes de la commande apr\u00e8s avoir cliqu\u00e9 sur \u00ab\u00a0proc\u00e9der au paiement\u00a0\u00bb, ne pas payer avec Apple pay ou Google pay. &nbsp; Nuvem n\u2019est pas responsable des fautes d\u2019orthographe R\u00e9alis\u00e9e par @didart.custom Voici la zone personnalisable : Merci d\u2019ajouter le nom de la ville ici : [&hellip;]\" \/>\n<meta property=\"og:url\" content=\"https:\/\/nuvem.paris\/index.php\/produit\/t-shirt-feliz-natal-ado-personnalisable\/\" \/>\n<meta property=\"og:site_name\" content=\"Nuvem\" \/>\n<meta property=\"article:modified_time\" content=\"2025-11-09T00:05:06+00:00\" \/>\n<meta property=\"og:image\" content=\"https:\/\/nuvem.paris\/wp-content\/uploads\/2025\/11\/1-4.png\" \/>\n\t<meta property=\"og:image:width\" content=\"1000\" \/>\n\t<meta property=\"og:image:height\" content=\"1000\" \/>\n\t<meta property=\"og:image:type\" content=\"image\/png\" \/>\n<meta name=\"twitter:card\" content=\"summary_large_image\" \/>\n<meta name=\"twitter:label1\" content=\"Dur\u00e9e de lecture estim\u00e9e\" \/>\n\t<meta name=\"twitter:data1\" content=\"2 minutes\" \/>\n<script type=\"application\/ld+json\" class=\"yoast-schema-graph\">{\"@context\":\"https:\/\/schema.org\",\"@graph\":[{\"@type\":\"WebPage\",\"@id\":\"https:\/\/nuvem.paris\/index.php\/produit\/t-shirt-feliz-natal-ado-personnalisable\/\",\"url\":\"https:\/\/nuvem.paris\/index.php\/produit\/t-shirt-feliz-natal-ado-personnalisable\/\",\"name\":\"T SHIRT Ado Feliz Natal - Nuvem\",\"isPartOf\":{\"@id\":\"https:\/\/nuvem.paris\/#website\"},\"primaryImageOfPage\":{\"@id\":\"https:\/\/nuvem.paris\/index.php\/produit\/t-shirt-feliz-natal-ado-personnalisable\/#primaryimage\"},\"image\":{\"@id\":\"https:\/\/nuvem.paris\/index.php\/produit\/t-shirt-feliz-natal-ado-personnalisable\/#primaryimage\"},\"thumbnailUrl\":\"https:\/\/nuvem.paris\/wp-content\/uploads\/2025\/11\/1-4.png\",\"datePublished\":\"2025-11-03T15:19:28+00:00\",\"dateModified\":\"2025-11-09T00:05:06+00:00\",\"breadcrumb\":{\"@id\":\"https:\/\/nuvem.paris\/index.php\/produit\/t-shirt-feliz-natal-ado-personnalisable\/#breadcrumb\"},\"inLanguage\":\"fr-FR\",\"potentialAction\":[{\"@type\":\"ReadAction\",\"target\":[\"https:\/\/nuvem.paris\/index.php\/produit\/t-shirt-feliz-natal-ado-personnalisable\/\"]}]},{\"@type\":\"ImageObject\",\"inLanguage\":\"fr-FR\",\"@id\":\"https:\/\/nuvem.paris\/index.php\/produit\/t-shirt-feliz-natal-ado-personnalisable\/#primaryimage\",\"url\":\"https:\/\/nuvem.paris\/wp-content\/uploads\/2025\/11\/1-4.png\",\"contentUrl\":\"https:\/\/nuvem.paris\/wp-content\/uploads\/2025\/11\/1-4.png\",\"width\":1000,\"height\":1000},{\"@type\":\"BreadcrumbList\",\"@id\":\"https:\/\/nuvem.paris\/index.php\/produit\/t-shirt-feliz-natal-ado-personnalisable\/#breadcrumb\",\"itemListElement\":[{\"@type\":\"ListItem\",\"position\":1,\"name\":\"Accueil\",\"item\":\"https:\/\/nuvem.paris\/\"},{\"@type\":\"ListItem\",\"position\":2,\"name\":\"Boutique\",\"item\":\"https:\/\/nuvem.paris\/index.php\/boutique\/\"},{\"@type\":\"ListItem\",\"position\":3,\"name\":\"T SHIRT Ado Feliz Natal\"}]},{\"@type\":\"WebSite\",\"@id\":\"https:\/\/nuvem.paris\/#website\",\"url\":\"https:\/\/nuvem.paris\/\",\"name\":\"Nuvem\",\"description\":\"Portugal inspir\u00e9, nature pr\u00e9serv\u00e9e - la mode \u00e9co-consciente\",\"publisher\":{\"@id\":\"https:\/\/nuvem.paris\/#organization\"},\"potentialAction\":[{\"@type\":\"SearchAction\",\"target\":{\"@type\":\"EntryPoint\",\"urlTemplate\":\"https:\/\/nuvem.paris\/?s={search_term_string}\"},\"query-input\":{\"@type\":\"PropertyValueSpecification\",\"valueRequired\":true,\"valueName\":\"search_term_string\"}}],\"inLanguage\":\"fr-FR\"},{\"@type\":\"Organization\",\"@id\":\"https:\/\/nuvem.paris\/#organization\",\"name\":\"Nuvem\",\"url\":\"https:\/\/nuvem.paris\/\",\"logo\":{\"@type\":\"ImageObject\",\"inLanguage\":\"fr-FR\",\"@id\":\"https:\/\/nuvem.paris\/#\/schema\/logo\/image\/\",\"url\":\"https:\/\/nuvem.paris\/wp-content\/uploads\/2024\/04\/autocollant.png\",\"contentUrl\":\"https:\/\/nuvem.paris\/wp-content\/uploads\/2024\/04\/autocollant.png\",\"width\":800,\"height\":360,\"caption\":\"Nuvem\"},\"image\":{\"@id\":\"https:\/\/nuvem.paris\/#\/schema\/logo\/image\/\"}}]}<\/script>\n<!-- \/ Yoast SEO plugin. -->","yoast_head_json":{"title":"T SHIRT Ado  Feliz Natal - Nuvem","robots":{"index":"index","follow":"follow","max-snippet":"max-snippet:-1","max-image-preview":"max-image-preview:large","max-video-preview":"max-video-preview:-1"},"canonical":"https:\/\/nuvem.paris\/index.php\/produit\/t-shirt-feliz-natal-ado-personnalisable\/","og_locale":"fr_FR","og_type":"article","og_title":"T SHIRT Ado  Feliz Natal - Nuvem","og_description":"ATTENTION : ajouter UNIQUEMENT le nom de famille dans les notes de la commande apr\u00e8s avoir cliqu\u00e9 sur \u00ab\u00a0proc\u00e9der au paiement\u00a0\u00bb, ne pas payer avec Apple pay ou Google pay. &nbsp; Nuvem n\u2019est pas responsable des fautes d\u2019orthographe R\u00e9alis\u00e9e par @didart.custom Voici la zone personnalisable : Merci d\u2019ajouter le nom de la ville ici : [&hellip;]","og_url":"https:\/\/nuvem.paris\/index.php\/produit\/t-shirt-feliz-natal-ado-personnalisable\/","og_site_name":"Nuvem","article_modified_time":"2025-11-09T00:05:06+00:00","og_image":[{"width":1000,"height":1000,"url":"https:\/\/nuvem.paris\/wp-content\/uploads\/2025\/11\/1-4.png","type":"image\/png"}],"twitter_card":"summary_large_image","twitter_misc":{"Dur\u00e9e de lecture estim\u00e9e":"2 minutes"},"schema":{"@context":"https:\/\/schema.org","@graph":[{"@type":"WebPage","@id":"https:\/\/nuvem.paris\/index.php\/produit\/t-shirt-feliz-natal-ado-personnalisable\/","url":"https:\/\/nuvem.paris\/index.php\/produit\/t-shirt-feliz-natal-ado-personnalisable\/","name":"T SHIRT Ado Feliz Natal - Nuvem","isPartOf":{"@id":"https:\/\/nuvem.paris\/#website"},"primaryImageOfPage":{"@id":"https:\/\/nuvem.paris\/index.php\/produit\/t-shirt-feliz-natal-ado-personnalisable\/#primaryimage"},"image":{"@id":"https:\/\/nuvem.paris\/index.php\/produit\/t-shirt-feliz-natal-ado-personnalisable\/#primaryimage"},"thumbnailUrl":"https:\/\/nuvem.paris\/wp-content\/uploads\/2025\/11\/1-4.png","datePublished":"2025-11-03T15:19:28+00:00","dateModified":"2025-11-09T00:05:06+00:00","breadcrumb":{"@id":"https:\/\/nuvem.paris\/index.php\/produit\/t-shirt-feliz-natal-ado-personnalisable\/#breadcrumb"},"inLanguage":"fr-FR","potentialAction":[{"@type":"ReadAction","target":["https:\/\/nuvem.paris\/index.php\/produit\/t-shirt-feliz-natal-ado-personnalisable\/"]}]},{"@type":"ImageObject","inLanguage":"fr-FR","@id":"https:\/\/nuvem.paris\/index.php\/produit\/t-shirt-feliz-natal-ado-personnalisable\/#primaryimage","url":"https:\/\/nuvem.paris\/wp-content\/uploads\/2025\/11\/1-4.png","contentUrl":"https:\/\/nuvem.paris\/wp-content\/uploads\/2025\/11\/1-4.png","width":1000,"height":1000},{"@type":"BreadcrumbList","@id":"https:\/\/nuvem.paris\/index.php\/produit\/t-shirt-feliz-natal-ado-personnalisable\/#breadcrumb","itemListElement":[{"@type":"ListItem","position":1,"name":"Accueil","item":"https:\/\/nuvem.paris\/"},{"@type":"ListItem","position":2,"name":"Boutique","item":"https:\/\/nuvem.paris\/index.php\/boutique\/"},{"@type":"ListItem","position":3,"name":"T SHIRT Ado Feliz Natal"}]},{"@type":"WebSite","@id":"https:\/\/nuvem.paris\/#website","url":"https:\/\/nuvem.paris\/","name":"Nuvem","description":"Portugal inspir\u00e9, nature pr\u00e9serv\u00e9e - la mode \u00e9co-consciente","publisher":{"@id":"https:\/\/nuvem.paris\/#organization"},"potentialAction":[{"@type":"SearchAction","target":{"@type":"EntryPoint","urlTemplate":"https:\/\/nuvem.paris\/?s={search_term_string}"},"query-input":{"@type":"PropertyValueSpecification","valueRequired":true,"valueName":"search_term_string"}}],"inLanguage":"fr-FR"},{"@type":"Organization","@id":"https:\/\/nuvem.paris\/#organization","name":"Nuvem","url":"https:\/\/nuvem.paris\/","logo":{"@type":"ImageObject","inLanguage":"fr-FR","@id":"https:\/\/nuvem.paris\/#\/schema\/logo\/image\/","url":"https:\/\/nuvem.paris\/wp-content\/uploads\/2024\/04\/autocollant.png","contentUrl":"https:\/\/nuvem.paris\/wp-content\/uploads\/2024\/04\/autocollant.png","width":800,"height":360,"caption":"Nuvem"},"image":{"@id":"https:\/\/nuvem.paris\/#\/schema\/logo\/image\/"}}]}},"_links":{"self":[{"href":"https:\/\/nuvem.paris\/index.php\/wp-json\/wp\/v2\/product\/7506","targetHints":{"allow":["GET"]}}],"collection":[{"href":"https:\/\/nuvem.paris\/index.php\/wp-json\/wp\/v2\/product"}],"about":[{"href":"https:\/\/nuvem.paris\/index.php\/wp-json\/wp\/v2\/types\/product"}],"replies":[{"embeddable":true,"href":"https:\/\/nuvem.paris\/index.php\/wp-json\/wp\/v2\/comments?post=7506"}],"version-history":[{"count":11,"href":"https:\/\/nuvem.paris\/index.php\/wp-json\/wp\/v2\/product\/7506\/revisions"}],"predecessor-version":[{"id":7607,"href":"https:\/\/nuvem.paris\/index.php\/wp-json\/wp\/v2\/product\/7506\/revisions\/7607"}],"wp:featuredmedia":[{"embeddable":true,"href":"https:\/\/nuvem.paris\/index.php\/wp-json\/wp\/v2\/media\/7505"}],"wp:attachment":[{"href":"https:\/\/nuvem.paris\/index.php\/wp-json\/wp\/v2\/media?parent=7506"}],"wp:term":[{"taxonomy":"product_brand","embeddable":true,"href":"https:\/\/nuvem.paris\/index.php\/wp-json\/wp\/v2\/product_brand?post=7506"},{"taxonomy":"product_cat","embeddable":true,"href":"https:\/\/nuvem.paris\/index.php\/wp-json\/wp\/v2\/product_cat?post=7506"},{"taxonomy":"product_tag","embeddable":true,"href":"https:\/\/nuvem.paris\/index.php\/wp-json\/wp\/v2\/product_tag?post=7506"}],"curies":[{"name":"wp","href":"https:\/\/api.w.org\/{rel}","templated":true}]}}