{"id":3980,"date":"2025-05-28T11:10:51","date_gmt":"2025-05-28T09:10:51","guid":{"rendered":"https:\/\/nuvem.paris\/?post_type=product&#038;p=3980"},"modified":"2026-04-12T18:20:21","modified_gmt":"2026-04-12T16:20:21","slug":"t-shirt-enfant-benfiquista-blanc","status":"publish","type":"product","link":"https:\/\/nuvem.paris\/index.php\/produit\/t-shirt-enfant-benfiquista-blanc\/","title":{"rendered":"T SHIRT ENFANT <br \/> Benfiquista Blanc"},"content":{"rendered":"<ul class=\"listMCE\">\n<li>T-shirt classique pour enfants avec des manches mont\u00e9es et un col rond<\/li>\n<li>Bords c\u00f4tel\u00e9s 1&#215;1 et bande de propret\u00e9 au col<\/li>\n<li>Double couture aux poignets et \u00e0 la taille<\/li>\n<li>Tissu r\u00e9sistant : 155 g\/m\u00b2<\/li>\n<li>Composition\u00a0: 100 % coton bio<\/li>\n<\/ul>\n<div class=\"size-table \">\n<div class=\"size-image-wrapper\">\n<p><img decoding=\"async\" src=\"https:\/\/image.spreadshirtmedia.net\/image-server\/v1\/productTypes\/457\/variants\/size?width=200&amp;height=200\" alt=\"T-shirt bio MINI CREATOR 2.0 Stanley\/Stella Enfant\" width=\"200\" height=\"200\" \/><\/p>\n<div class=\"size-hint\">taille<\/div>\n<\/div>\n<div class=\"size-table-wrapper\">\n<table>\n<thead>\n<tr>\n<th><\/th>\n<th class=\"measure-name\">A<\/th>\n<th class=\"measure-name\">B<\/th>\n<th class=\"measure-name\">C<\/th>\n<\/tr>\n<\/thead>\n<tbody>\n<tr class=\"size size-95\">\n<td class=\"size-cell\">98\/104 (3-4 ans)<\/td>\n<td class=\"measure-cell measure-cell-0\">430 mm<\/td>\n<td class=\"measure-cell measure-cell-1\">340 mm<\/td>\n<td class=\"measure-cell measure-cell-2\">120 mm<\/td>\n<\/tr>\n<tr class=\"size size-96\">\n<td class=\"size-cell\">110\/116 (5-6 ans)<\/td>\n<td class=\"measure-cell measure-cell-0\">470 mm<\/td>\n<td class=\"measure-cell measure-cell-1\">360 mm<\/td>\n<td class=\"measure-cell measure-cell-2\">130 mm<\/td>\n<\/tr>\n<tr class=\"size size-97\">\n<td class=\"size-cell\">122\/128 (7-8 ans)<\/td>\n<td class=\"measure-cell measure-cell-0\">520 mm<\/td>\n<td class=\"measure-cell measure-cell-1\">380 mm<\/td>\n<td class=\"measure-cell measure-cell-2\">150 mm<\/td>\n<\/tr>\n<\/tbody>\n<\/table>\n<p>Attention les retours ne sont pas encore disponible<\/p>\n<\/div>\n<\/div>\n","protected":false},"excerpt":{"rendered":"<p>T-shirt classique pour enfants avec des manches mont\u00e9es et un col rond Bords c\u00f4tel\u00e9s 1&#215;1 et bande de propret\u00e9 au col Double couture aux poignets et \u00e0 la taille Tissu r\u00e9sistant : 155 g\/m\u00b2 Composition\u00a0: 100 % coton bio taille A B C 98\/104 (3-4 ans) 430 mm 340 mm 120 mm 110\/116 (5-6 ans) [&hellip;]<\/p>\n","protected":false},"featured_media":3979,"comment_status":"open","ping_status":"closed","template":"","meta":[],"product_brand":[],"product_cat":[69],"product_tag":[],"class_list":{"0":"post-3980","1":"product","2":"type-product","3":"status-publish","4":"has-post-thumbnail","6":"product_cat-sweat-enfants","8":"first","9":"instock","10":"shipping-taxable","11":"purchasable","12":"product-type-variable"},"yoast_head":"<!-- This site is optimized with the Yoast SEO plugin v26.2 - https:\/\/yoast.com\/wordpress\/plugins\/seo\/ -->\n<title>T SHIRT ENFANT  Benfiquista Blanc - Nuvem<\/title>\n<meta name=\"robots\" content=\"index, follow, max-snippet:-1, max-image-preview:large, max-video-preview:-1\" \/>\n<link rel=\"canonical\" href=\"https:\/\/nuvem.paris\/index.php\/produit\/t-shirt-enfant-benfiquista-blanc\/\" \/>\n<meta property=\"og:locale\" content=\"fr_FR\" \/>\n<meta property=\"og:type\" content=\"article\" \/>\n<meta property=\"og:title\" content=\"T SHIRT ENFANT  Benfiquista Blanc - Nuvem\" \/>\n<meta property=\"og:description\" content=\"T-shirt classique pour enfants avec des manches mont\u00e9es et un col rond Bords c\u00f4tel\u00e9s 1&#215;1 et bande de propret\u00e9 au col Double couture aux poignets et \u00e0 la taille Tissu r\u00e9sistant : 155 g\/m\u00b2 Composition\u00a0: 100 % coton bio taille A B C 98\/104 (3-4 ans) 430 mm 340 mm 120 mm 110\/116 (5-6 ans) [&hellip;]\" \/>\n<meta property=\"og:url\" content=\"https:\/\/nuvem.paris\/index.php\/produit\/t-shirt-enfant-benfiquista-blanc\/\" \/>\n<meta property=\"og:site_name\" content=\"Nuvem\" \/>\n<meta property=\"article:modified_time\" content=\"2026-04-12T16:20:21+00:00\" \/>\n<meta property=\"og:image\" content=\"https:\/\/nuvem.paris\/wp-content\/uploads\/2025\/05\/1-18.png\" \/>\n\t<meta property=\"og:image:width\" content=\"1000\" \/>\n\t<meta property=\"og:image:height\" content=\"1000\" \/>\n\t<meta property=\"og:image:type\" content=\"image\/png\" \/>\n<meta name=\"twitter:card\" content=\"summary_large_image\" \/>\n<meta name=\"twitter:label1\" content=\"Dur\u00e9e de lecture estim\u00e9e\" \/>\n\t<meta name=\"twitter:data1\" content=\"1 minute\" \/>\n<script type=\"application\/ld+json\" class=\"yoast-schema-graph\">{\"@context\":\"https:\/\/schema.org\",\"@graph\":[{\"@type\":\"WebPage\",\"@id\":\"https:\/\/nuvem.paris\/index.php\/produit\/t-shirt-enfant-benfiquista-blanc\/\",\"url\":\"https:\/\/nuvem.paris\/index.php\/produit\/t-shirt-enfant-benfiquista-blanc\/\",\"name\":\"T SHIRT ENFANT Benfiquista Blanc - Nuvem\",\"isPartOf\":{\"@id\":\"https:\/\/nuvem.paris\/#website\"},\"primaryImageOfPage\":{\"@id\":\"https:\/\/nuvem.paris\/index.php\/produit\/t-shirt-enfant-benfiquista-blanc\/#primaryimage\"},\"image\":{\"@id\":\"https:\/\/nuvem.paris\/index.php\/produit\/t-shirt-enfant-benfiquista-blanc\/#primaryimage\"},\"thumbnailUrl\":\"https:\/\/nuvem.paris\/wp-content\/uploads\/2025\/05\/1-18.png\",\"datePublished\":\"2025-05-28T09:10:51+00:00\",\"dateModified\":\"2026-04-12T16:20:21+00:00\",\"breadcrumb\":{\"@id\":\"https:\/\/nuvem.paris\/index.php\/produit\/t-shirt-enfant-benfiquista-blanc\/#breadcrumb\"},\"inLanguage\":\"fr-FR\",\"potentialAction\":[{\"@type\":\"ReadAction\",\"target\":[\"https:\/\/nuvem.paris\/index.php\/produit\/t-shirt-enfant-benfiquista-blanc\/\"]}]},{\"@type\":\"ImageObject\",\"inLanguage\":\"fr-FR\",\"@id\":\"https:\/\/nuvem.paris\/index.php\/produit\/t-shirt-enfant-benfiquista-blanc\/#primaryimage\",\"url\":\"https:\/\/nuvem.paris\/wp-content\/uploads\/2025\/05\/1-18.png\",\"contentUrl\":\"https:\/\/nuvem.paris\/wp-content\/uploads\/2025\/05\/1-18.png\",\"width\":1000,\"height\":1000},{\"@type\":\"BreadcrumbList\",\"@id\":\"https:\/\/nuvem.paris\/index.php\/produit\/t-shirt-enfant-benfiquista-blanc\/#breadcrumb\",\"itemListElement\":[{\"@type\":\"ListItem\",\"position\":1,\"name\":\"Accueil\",\"item\":\"https:\/\/nuvem.paris\/\"},{\"@type\":\"ListItem\",\"position\":2,\"name\":\"Boutique\",\"item\":\"https:\/\/nuvem.paris\/index.php\/boutique\/\"},{\"@type\":\"ListItem\",\"position\":3,\"name\":\"T SHIRT ENFANT Benfiquista Blanc\"}]},{\"@type\":\"WebSite\",\"@id\":\"https:\/\/nuvem.paris\/#website\",\"url\":\"https:\/\/nuvem.paris\/\",\"name\":\"Nuvem\",\"description\":\"Portugal inspir\u00e9, nature pr\u00e9serv\u00e9e - la mode \u00e9co-consciente\",\"publisher\":{\"@id\":\"https:\/\/nuvem.paris\/#organization\"},\"potentialAction\":[{\"@type\":\"SearchAction\",\"target\":{\"@type\":\"EntryPoint\",\"urlTemplate\":\"https:\/\/nuvem.paris\/?s={search_term_string}\"},\"query-input\":{\"@type\":\"PropertyValueSpecification\",\"valueRequired\":true,\"valueName\":\"search_term_string\"}}],\"inLanguage\":\"fr-FR\"},{\"@type\":\"Organization\",\"@id\":\"https:\/\/nuvem.paris\/#organization\",\"name\":\"Nuvem\",\"url\":\"https:\/\/nuvem.paris\/\",\"logo\":{\"@type\":\"ImageObject\",\"inLanguage\":\"fr-FR\",\"@id\":\"https:\/\/nuvem.paris\/#\/schema\/logo\/image\/\",\"url\":\"https:\/\/nuvem.paris\/wp-content\/uploads\/2024\/04\/autocollant.png\",\"contentUrl\":\"https:\/\/nuvem.paris\/wp-content\/uploads\/2024\/04\/autocollant.png\",\"width\":800,\"height\":360,\"caption\":\"Nuvem\"},\"image\":{\"@id\":\"https:\/\/nuvem.paris\/#\/schema\/logo\/image\/\"}}]}<\/script>\n<!-- \/ Yoast SEO plugin. -->","yoast_head_json":{"title":"T SHIRT ENFANT  Benfiquista Blanc - Nuvem","robots":{"index":"index","follow":"follow","max-snippet":"max-snippet:-1","max-image-preview":"max-image-preview:large","max-video-preview":"max-video-preview:-1"},"canonical":"https:\/\/nuvem.paris\/index.php\/produit\/t-shirt-enfant-benfiquista-blanc\/","og_locale":"fr_FR","og_type":"article","og_title":"T SHIRT ENFANT  Benfiquista Blanc - Nuvem","og_description":"T-shirt classique pour enfants avec des manches mont\u00e9es et un col rond Bords c\u00f4tel\u00e9s 1&#215;1 et bande de propret\u00e9 au col Double couture aux poignets et \u00e0 la taille Tissu r\u00e9sistant : 155 g\/m\u00b2 Composition\u00a0: 100 % coton bio taille A B C 98\/104 (3-4 ans) 430 mm 340 mm 120 mm 110\/116 (5-6 ans) [&hellip;]","og_url":"https:\/\/nuvem.paris\/index.php\/produit\/t-shirt-enfant-benfiquista-blanc\/","og_site_name":"Nuvem","article_modified_time":"2026-04-12T16:20:21+00:00","og_image":[{"width":1000,"height":1000,"url":"https:\/\/nuvem.paris\/wp-content\/uploads\/2025\/05\/1-18.png","type":"image\/png"}],"twitter_card":"summary_large_image","twitter_misc":{"Dur\u00e9e de lecture estim\u00e9e":"1 minute"},"schema":{"@context":"https:\/\/schema.org","@graph":[{"@type":"WebPage","@id":"https:\/\/nuvem.paris\/index.php\/produit\/t-shirt-enfant-benfiquista-blanc\/","url":"https:\/\/nuvem.paris\/index.php\/produit\/t-shirt-enfant-benfiquista-blanc\/","name":"T SHIRT ENFANT Benfiquista Blanc - Nuvem","isPartOf":{"@id":"https:\/\/nuvem.paris\/#website"},"primaryImageOfPage":{"@id":"https:\/\/nuvem.paris\/index.php\/produit\/t-shirt-enfant-benfiquista-blanc\/#primaryimage"},"image":{"@id":"https:\/\/nuvem.paris\/index.php\/produit\/t-shirt-enfant-benfiquista-blanc\/#primaryimage"},"thumbnailUrl":"https:\/\/nuvem.paris\/wp-content\/uploads\/2025\/05\/1-18.png","datePublished":"2025-05-28T09:10:51+00:00","dateModified":"2026-04-12T16:20:21+00:00","breadcrumb":{"@id":"https:\/\/nuvem.paris\/index.php\/produit\/t-shirt-enfant-benfiquista-blanc\/#breadcrumb"},"inLanguage":"fr-FR","potentialAction":[{"@type":"ReadAction","target":["https:\/\/nuvem.paris\/index.php\/produit\/t-shirt-enfant-benfiquista-blanc\/"]}]},{"@type":"ImageObject","inLanguage":"fr-FR","@id":"https:\/\/nuvem.paris\/index.php\/produit\/t-shirt-enfant-benfiquista-blanc\/#primaryimage","url":"https:\/\/nuvem.paris\/wp-content\/uploads\/2025\/05\/1-18.png","contentUrl":"https:\/\/nuvem.paris\/wp-content\/uploads\/2025\/05\/1-18.png","width":1000,"height":1000},{"@type":"BreadcrumbList","@id":"https:\/\/nuvem.paris\/index.php\/produit\/t-shirt-enfant-benfiquista-blanc\/#breadcrumb","itemListElement":[{"@type":"ListItem","position":1,"name":"Accueil","item":"https:\/\/nuvem.paris\/"},{"@type":"ListItem","position":2,"name":"Boutique","item":"https:\/\/nuvem.paris\/index.php\/boutique\/"},{"@type":"ListItem","position":3,"name":"T SHIRT ENFANT Benfiquista Blanc"}]},{"@type":"WebSite","@id":"https:\/\/nuvem.paris\/#website","url":"https:\/\/nuvem.paris\/","name":"Nuvem","description":"Portugal inspir\u00e9, nature pr\u00e9serv\u00e9e - la mode \u00e9co-consciente","publisher":{"@id":"https:\/\/nuvem.paris\/#organization"},"potentialAction":[{"@type":"SearchAction","target":{"@type":"EntryPoint","urlTemplate":"https:\/\/nuvem.paris\/?s={search_term_string}"},"query-input":{"@type":"PropertyValueSpecification","valueRequired":true,"valueName":"search_term_string"}}],"inLanguage":"fr-FR"},{"@type":"Organization","@id":"https:\/\/nuvem.paris\/#organization","name":"Nuvem","url":"https:\/\/nuvem.paris\/","logo":{"@type":"ImageObject","inLanguage":"fr-FR","@id":"https:\/\/nuvem.paris\/#\/schema\/logo\/image\/","url":"https:\/\/nuvem.paris\/wp-content\/uploads\/2024\/04\/autocollant.png","contentUrl":"https:\/\/nuvem.paris\/wp-content\/uploads\/2024\/04\/autocollant.png","width":800,"height":360,"caption":"Nuvem"},"image":{"@id":"https:\/\/nuvem.paris\/#\/schema\/logo\/image\/"}}]}},"_links":{"self":[{"href":"https:\/\/nuvem.paris\/index.php\/wp-json\/wp\/v2\/product\/3980","targetHints":{"allow":["GET"]}}],"collection":[{"href":"https:\/\/nuvem.paris\/index.php\/wp-json\/wp\/v2\/product"}],"about":[{"href":"https:\/\/nuvem.paris\/index.php\/wp-json\/wp\/v2\/types\/product"}],"replies":[{"embeddable":true,"href":"https:\/\/nuvem.paris\/index.php\/wp-json\/wp\/v2\/comments?post=3980"}],"version-history":[{"count":3,"href":"https:\/\/nuvem.paris\/index.php\/wp-json\/wp\/v2\/product\/3980\/revisions"}],"predecessor-version":[{"id":4076,"href":"https:\/\/nuvem.paris\/index.php\/wp-json\/wp\/v2\/product\/3980\/revisions\/4076"}],"wp:featuredmedia":[{"embeddable":true,"href":"https:\/\/nuvem.paris\/index.php\/wp-json\/wp\/v2\/media\/3979"}],"wp:attachment":[{"href":"https:\/\/nuvem.paris\/index.php\/wp-json\/wp\/v2\/media?parent=3980"}],"wp:term":[{"taxonomy":"product_brand","embeddable":true,"href":"https:\/\/nuvem.paris\/index.php\/wp-json\/wp\/v2\/product_brand?post=3980"},{"taxonomy":"product_cat","embeddable":true,"href":"https:\/\/nuvem.paris\/index.php\/wp-json\/wp\/v2\/product_cat?post=3980"},{"taxonomy":"product_tag","embeddable":true,"href":"https:\/\/nuvem.paris\/index.php\/wp-json\/wp\/v2\/product_tag?post=3980"}],"curies":[{"name":"wp","href":"https:\/\/api.w.org\/{rel}","templated":true}]}}