{"id":3109,"date":"2025-02-26T22:51:09","date_gmt":"2025-02-26T21:51:09","guid":{"rendered":"https:\/\/nuvem.paris\/?post_type=product&#038;p=3109"},"modified":"2025-02-26T22:51:09","modified_gmt":"2025-02-26T21:51:09","slug":"sweat-nuvem-ville-erreur","status":"publish","type":"product","link":"https:\/\/nuvem.paris\/index.php\/produit\/sweat-nuvem-ville-erreur\/","title":{"rendered":"SWEAT NUVEM <br\/> VILLE ERREUR"},"content":{"rendered":"<p class=\"p1\">Attention, ces articles contiennent une erreur d\u2019orthographe dans le design situ\u00e9 au dos.<\/p>\n<p class=\"p1\">Plut\u00f4t que de les jeter, nous avons d\u00e9cid\u00e9 de leur offrir une seconde vie en vous les proposant \u00e0 prix r\u00e9duit, afin d\u2019\u00e9viter tout gaspillage.<\/p>\n<p class=\"p1\">Hormis cette erreur, leur qualit\u00e9 est identique \u00e0 celle de nos autres articles.<\/p>\n<p>&nbsp;<\/p>\n<p>&nbsp;<\/p>\n<p>Votre nouveau sweat pr\u00e9f\u00e9r\u00e9 vous vient d\u2019arriver : ultra-confort, d\u2019excellente qualit\u00e9 et fabriqu\u00e9 de mani\u00e8re responsable. Un classique que vous n\u2019aurez jamais envie d\u2019enlever.<\/p>\n<ul class=\"listMCE\">\n<li>Sweat \u00e0 capuche unisexe \u00e0 coupe droite avec des manches mont\u00e9es<\/li>\n<li>Capuche doubl\u00e9e avec \u0153illets m\u00e9talliques, cordon de serrage rond et uni avec des extr\u00e9mit\u00e9s m\u00e9talliques<\/li>\n<li>Poche kangourou \u00e0 l\u2019avant avec une large couture<\/li>\n<li>Bords c\u00f4tel\u00e9s 1\/1 et double surpiq\u00fbre au col, bords et manches<\/li>\n<li>Bande \u00e0 chevrons et empi\u00e8cements en forme de demi-lune au niveau de la nuque<\/li>\n<li>Tissu doux et \u00e9pais\u00a0: 350 g\/m\u00b2<\/li>\n<li>Composition : 100 % coton bio<\/li>\n<\/ul>\n<div class=\"size-table \">\n<div class=\"size-image-wrapper\">\n<p><img decoding=\"async\" src=\"https:\/\/image.spreadshirtmedia.net\/image-server\/v1\/productTypes\/2091\/variants\/size?width=200&amp;height=200\" alt=\"Sweat \u00e0 capuche bio CRUISER Stanley\/Stella Unisexe\" width=\"200\" height=\"200\" \/><\/p>\n<div class=\"size-hint\">taille normal<\/div>\n<div>Les retours ne sont pour le moment pas possible merci de bien \u00eatre vigilant sur les tailles.<\/div>\n<\/div>\n<div class=\"size-table-wrapper\">\n<table>\n<thead>\n<tr>\n<th><\/th>\n<th class=\"measure-name\">A<\/th>\n<th class=\"measure-name\">B<\/th>\n<th class=\"measure-name\">C<\/th>\n<\/tr>\n<\/thead>\n<tbody>\n<tr class=\"size size-1\">\n<td class=\"size-cell\">XS<\/td>\n<td class=\"measure-cell measure-cell-0\">650 mm<\/td>\n<td class=\"measure-cell measure-cell-1\">530 mm<\/td>\n<td class=\"measure-cell measure-cell-2\">595 mm<\/td>\n<\/tr>\n<tr class=\"size size-2\">\n<td class=\"size-cell\">S<\/td>\n<td class=\"measure-cell measure-cell-0\">690 mm<\/td>\n<td class=\"measure-cell measure-cell-1\">550 mm<\/td>\n<td class=\"measure-cell measure-cell-2\">630 mm<\/td>\n<\/tr>\n<tr class=\"size size-3\">\n<td class=\"size-cell\">M<\/td>\n<td class=\"measure-cell measure-cell-0\">730 mm<\/td>\n<td class=\"measure-cell measure-cell-1\">590 mm<\/td>\n<td class=\"measure-cell measure-cell-2\">655 mm<\/td>\n<\/tr>\n<tr class=\"size size-4\">\n<td class=\"size-cell\">L<\/td>\n<td class=\"measure-cell measure-cell-0\">750 mm<\/td>\n<td class=\"measure-cell measure-cell-1\">620 mm<\/td>\n<td class=\"measure-cell measure-cell-2\">675 mm<\/td>\n<\/tr>\n<tr class=\"size size-5\">\n<td class=\"size-cell\">XL<\/td>\n<td class=\"measure-cell measure-cell-0\">770 mm<\/td>\n<td class=\"measure-cell measure-cell-1\">650 mm<\/td>\n<td class=\"measure-cell measure-cell-2\">680 mm<\/td>\n<\/tr>\n<tr class=\"size size-6\">\n<td class=\"size-cell\">XXL<\/td>\n<td class=\"measure-cell measure-cell-0\">790 mm<\/td>\n<td class=\"measure-cell measure-cell-1\">690 mm<\/td>\n<td class=\"measure-cell measure-cell-2\">685 mm<\/td>\n<\/tr>\n<\/tbody>\n<\/table>\n<\/div>\n<\/div>\n","protected":false},"excerpt":{"rendered":"<p>Attention, ces articles contiennent une erreur d\u2019orthographe dans le design situ\u00e9 au dos. Plut\u00f4t que de les jeter, nous avons d\u00e9cid\u00e9 de leur offrir une seconde vie en vous les proposant \u00e0 prix r\u00e9duit, afin d\u2019\u00e9viter tout gaspillage. Hormis cette erreur, leur qualit\u00e9 est identique \u00e0 celle de nos autres articles. &nbsp; &nbsp; Votre nouveau [&hellip;]<\/p>\n","protected":false},"featured_media":3113,"comment_status":"open","ping_status":"closed","template":"","meta":[],"product_brand":[],"product_cat":[77],"product_tag":[],"class_list":{"0":"post-3109","1":"product","2":"type-product","3":"status-publish","4":"has-post-thumbnail","6":"product_cat-destockage","8":"first","9":"instock","10":"shipping-taxable","11":"purchasable","12":"product-type-variable"},"yoast_head":"<!-- This site is optimized with the Yoast SEO plugin v26.2 - https:\/\/yoast.com\/wordpress\/plugins\/seo\/ -->\n<title>SWEAT NUVEM  VILLE ERREUR - Nuvem<\/title>\n<meta name=\"robots\" content=\"index, follow, max-snippet:-1, max-image-preview:large, max-video-preview:-1\" \/>\n<link rel=\"canonical\" href=\"https:\/\/nuvem.paris\/index.php\/produit\/sweat-nuvem-ville-erreur\/\" \/>\n<meta property=\"og:locale\" content=\"fr_FR\" \/>\n<meta property=\"og:type\" content=\"article\" \/>\n<meta property=\"og:title\" content=\"SWEAT NUVEM  VILLE ERREUR - Nuvem\" \/>\n<meta property=\"og:description\" content=\"Attention, ces articles contiennent une erreur d\u2019orthographe dans le design situ\u00e9 au dos. Plut\u00f4t que de les jeter, nous avons d\u00e9cid\u00e9 de leur offrir une seconde vie en vous les proposant \u00e0 prix r\u00e9duit, afin d\u2019\u00e9viter tout gaspillage. Hormis cette erreur, leur qualit\u00e9 est identique \u00e0 celle de nos autres articles. &nbsp; &nbsp; Votre nouveau [&hellip;]\" \/>\n<meta property=\"og:url\" content=\"https:\/\/nuvem.paris\/index.php\/produit\/sweat-nuvem-ville-erreur\/\" \/>\n<meta property=\"og:site_name\" content=\"Nuvem\" \/>\n<meta property=\"og:image\" content=\"https:\/\/nuvem.paris\/wp-content\/uploads\/2025\/02\/spod-3059265-2-null-null-2.png\" \/>\n\t<meta property=\"og:image:width\" content=\"1000\" \/>\n\t<meta property=\"og:image:height\" content=\"1000\" \/>\n\t<meta property=\"og:image:type\" content=\"image\/png\" \/>\n<meta name=\"twitter:card\" content=\"summary_large_image\" \/>\n<meta name=\"twitter:label1\" content=\"Dur\u00e9e de lecture estim\u00e9e\" \/>\n\t<meta name=\"twitter:data1\" content=\"2 minutes\" \/>\n<script type=\"application\/ld+json\" class=\"yoast-schema-graph\">{\"@context\":\"https:\/\/schema.org\",\"@graph\":[{\"@type\":\"WebPage\",\"@id\":\"https:\/\/nuvem.paris\/index.php\/produit\/sweat-nuvem-ville-erreur\/\",\"url\":\"https:\/\/nuvem.paris\/index.php\/produit\/sweat-nuvem-ville-erreur\/\",\"name\":\"SWEAT NUVEM VILLE ERREUR - Nuvem\",\"isPartOf\":{\"@id\":\"https:\/\/nuvem.paris\/#website\"},\"primaryImageOfPage\":{\"@id\":\"https:\/\/nuvem.paris\/index.php\/produit\/sweat-nuvem-ville-erreur\/#primaryimage\"},\"image\":{\"@id\":\"https:\/\/nuvem.paris\/index.php\/produit\/sweat-nuvem-ville-erreur\/#primaryimage\"},\"thumbnailUrl\":\"https:\/\/nuvem.paris\/wp-content\/uploads\/2025\/02\/spod-3059265-2-null-null-2.png\",\"datePublished\":\"2025-02-26T21:51:09+00:00\",\"breadcrumb\":{\"@id\":\"https:\/\/nuvem.paris\/index.php\/produit\/sweat-nuvem-ville-erreur\/#breadcrumb\"},\"inLanguage\":\"fr-FR\",\"potentialAction\":[{\"@type\":\"ReadAction\",\"target\":[\"https:\/\/nuvem.paris\/index.php\/produit\/sweat-nuvem-ville-erreur\/\"]}]},{\"@type\":\"ImageObject\",\"inLanguage\":\"fr-FR\",\"@id\":\"https:\/\/nuvem.paris\/index.php\/produit\/sweat-nuvem-ville-erreur\/#primaryimage\",\"url\":\"https:\/\/nuvem.paris\/wp-content\/uploads\/2025\/02\/spod-3059265-2-null-null-2.png\",\"contentUrl\":\"https:\/\/nuvem.paris\/wp-content\/uploads\/2025\/02\/spod-3059265-2-null-null-2.png\",\"width\":1000,\"height\":1000},{\"@type\":\"BreadcrumbList\",\"@id\":\"https:\/\/nuvem.paris\/index.php\/produit\/sweat-nuvem-ville-erreur\/#breadcrumb\",\"itemListElement\":[{\"@type\":\"ListItem\",\"position\":1,\"name\":\"Accueil\",\"item\":\"https:\/\/nuvem.paris\/\"},{\"@type\":\"ListItem\",\"position\":2,\"name\":\"Boutique\",\"item\":\"https:\/\/nuvem.paris\/index.php\/boutique\/\"},{\"@type\":\"ListItem\",\"position\":3,\"name\":\"SWEAT NUVEM VILLE ERREUR\"}]},{\"@type\":\"WebSite\",\"@id\":\"https:\/\/nuvem.paris\/#website\",\"url\":\"https:\/\/nuvem.paris\/\",\"name\":\"Nuvem\",\"description\":\"Portugal inspir\u00e9, nature pr\u00e9serv\u00e9e - la mode \u00e9co-consciente\",\"publisher\":{\"@id\":\"https:\/\/nuvem.paris\/#organization\"},\"potentialAction\":[{\"@type\":\"SearchAction\",\"target\":{\"@type\":\"EntryPoint\",\"urlTemplate\":\"https:\/\/nuvem.paris\/?s={search_term_string}\"},\"query-input\":{\"@type\":\"PropertyValueSpecification\",\"valueRequired\":true,\"valueName\":\"search_term_string\"}}],\"inLanguage\":\"fr-FR\"},{\"@type\":\"Organization\",\"@id\":\"https:\/\/nuvem.paris\/#organization\",\"name\":\"Nuvem\",\"url\":\"https:\/\/nuvem.paris\/\",\"logo\":{\"@type\":\"ImageObject\",\"inLanguage\":\"fr-FR\",\"@id\":\"https:\/\/nuvem.paris\/#\/schema\/logo\/image\/\",\"url\":\"https:\/\/nuvem.paris\/wp-content\/uploads\/2024\/04\/autocollant.png\",\"contentUrl\":\"https:\/\/nuvem.paris\/wp-content\/uploads\/2024\/04\/autocollant.png\",\"width\":800,\"height\":360,\"caption\":\"Nuvem\"},\"image\":{\"@id\":\"https:\/\/nuvem.paris\/#\/schema\/logo\/image\/\"}}]}<\/script>\n<!-- \/ Yoast SEO plugin. -->","yoast_head_json":{"title":"SWEAT NUVEM  VILLE ERREUR - Nuvem","robots":{"index":"index","follow":"follow","max-snippet":"max-snippet:-1","max-image-preview":"max-image-preview:large","max-video-preview":"max-video-preview:-1"},"canonical":"https:\/\/nuvem.paris\/index.php\/produit\/sweat-nuvem-ville-erreur\/","og_locale":"fr_FR","og_type":"article","og_title":"SWEAT NUVEM  VILLE ERREUR - Nuvem","og_description":"Attention, ces articles contiennent une erreur d\u2019orthographe dans le design situ\u00e9 au dos. Plut\u00f4t que de les jeter, nous avons d\u00e9cid\u00e9 de leur offrir une seconde vie en vous les proposant \u00e0 prix r\u00e9duit, afin d\u2019\u00e9viter tout gaspillage. Hormis cette erreur, leur qualit\u00e9 est identique \u00e0 celle de nos autres articles. &nbsp; &nbsp; Votre nouveau [&hellip;]","og_url":"https:\/\/nuvem.paris\/index.php\/produit\/sweat-nuvem-ville-erreur\/","og_site_name":"Nuvem","og_image":[{"width":1000,"height":1000,"url":"https:\/\/nuvem.paris\/wp-content\/uploads\/2025\/02\/spod-3059265-2-null-null-2.png","type":"image\/png"}],"twitter_card":"summary_large_image","twitter_misc":{"Dur\u00e9e de lecture estim\u00e9e":"2 minutes"},"schema":{"@context":"https:\/\/schema.org","@graph":[{"@type":"WebPage","@id":"https:\/\/nuvem.paris\/index.php\/produit\/sweat-nuvem-ville-erreur\/","url":"https:\/\/nuvem.paris\/index.php\/produit\/sweat-nuvem-ville-erreur\/","name":"SWEAT NUVEM VILLE ERREUR - Nuvem","isPartOf":{"@id":"https:\/\/nuvem.paris\/#website"},"primaryImageOfPage":{"@id":"https:\/\/nuvem.paris\/index.php\/produit\/sweat-nuvem-ville-erreur\/#primaryimage"},"image":{"@id":"https:\/\/nuvem.paris\/index.php\/produit\/sweat-nuvem-ville-erreur\/#primaryimage"},"thumbnailUrl":"https:\/\/nuvem.paris\/wp-content\/uploads\/2025\/02\/spod-3059265-2-null-null-2.png","datePublished":"2025-02-26T21:51:09+00:00","breadcrumb":{"@id":"https:\/\/nuvem.paris\/index.php\/produit\/sweat-nuvem-ville-erreur\/#breadcrumb"},"inLanguage":"fr-FR","potentialAction":[{"@type":"ReadAction","target":["https:\/\/nuvem.paris\/index.php\/produit\/sweat-nuvem-ville-erreur\/"]}]},{"@type":"ImageObject","inLanguage":"fr-FR","@id":"https:\/\/nuvem.paris\/index.php\/produit\/sweat-nuvem-ville-erreur\/#primaryimage","url":"https:\/\/nuvem.paris\/wp-content\/uploads\/2025\/02\/spod-3059265-2-null-null-2.png","contentUrl":"https:\/\/nuvem.paris\/wp-content\/uploads\/2025\/02\/spod-3059265-2-null-null-2.png","width":1000,"height":1000},{"@type":"BreadcrumbList","@id":"https:\/\/nuvem.paris\/index.php\/produit\/sweat-nuvem-ville-erreur\/#breadcrumb","itemListElement":[{"@type":"ListItem","position":1,"name":"Accueil","item":"https:\/\/nuvem.paris\/"},{"@type":"ListItem","position":2,"name":"Boutique","item":"https:\/\/nuvem.paris\/index.php\/boutique\/"},{"@type":"ListItem","position":3,"name":"SWEAT NUVEM VILLE ERREUR"}]},{"@type":"WebSite","@id":"https:\/\/nuvem.paris\/#website","url":"https:\/\/nuvem.paris\/","name":"Nuvem","description":"Portugal inspir\u00e9, nature pr\u00e9serv\u00e9e - la mode \u00e9co-consciente","publisher":{"@id":"https:\/\/nuvem.paris\/#organization"},"potentialAction":[{"@type":"SearchAction","target":{"@type":"EntryPoint","urlTemplate":"https:\/\/nuvem.paris\/?s={search_term_string}"},"query-input":{"@type":"PropertyValueSpecification","valueRequired":true,"valueName":"search_term_string"}}],"inLanguage":"fr-FR"},{"@type":"Organization","@id":"https:\/\/nuvem.paris\/#organization","name":"Nuvem","url":"https:\/\/nuvem.paris\/","logo":{"@type":"ImageObject","inLanguage":"fr-FR","@id":"https:\/\/nuvem.paris\/#\/schema\/logo\/image\/","url":"https:\/\/nuvem.paris\/wp-content\/uploads\/2024\/04\/autocollant.png","contentUrl":"https:\/\/nuvem.paris\/wp-content\/uploads\/2024\/04\/autocollant.png","width":800,"height":360,"caption":"Nuvem"},"image":{"@id":"https:\/\/nuvem.paris\/#\/schema\/logo\/image\/"}}]}},"_links":{"self":[{"href":"https:\/\/nuvem.paris\/index.php\/wp-json\/wp\/v2\/product\/3109","targetHints":{"allow":["GET"]}}],"collection":[{"href":"https:\/\/nuvem.paris\/index.php\/wp-json\/wp\/v2\/product"}],"about":[{"href":"https:\/\/nuvem.paris\/index.php\/wp-json\/wp\/v2\/types\/product"}],"replies":[{"embeddable":true,"href":"https:\/\/nuvem.paris\/index.php\/wp-json\/wp\/v2\/comments?post=3109"}],"version-history":[{"count":2,"href":"https:\/\/nuvem.paris\/index.php\/wp-json\/wp\/v2\/product\/3109\/revisions"}],"predecessor-version":[{"id":3115,"href":"https:\/\/nuvem.paris\/index.php\/wp-json\/wp\/v2\/product\/3109\/revisions\/3115"}],"wp:featuredmedia":[{"embeddable":true,"href":"https:\/\/nuvem.paris\/index.php\/wp-json\/wp\/v2\/media\/3113"}],"wp:attachment":[{"href":"https:\/\/nuvem.paris\/index.php\/wp-json\/wp\/v2\/media?parent=3109"}],"wp:term":[{"taxonomy":"product_brand","embeddable":true,"href":"https:\/\/nuvem.paris\/index.php\/wp-json\/wp\/v2\/product_brand?post=3109"},{"taxonomy":"product_cat","embeddable":true,"href":"https:\/\/nuvem.paris\/index.php\/wp-json\/wp\/v2\/product_cat?post=3109"},{"taxonomy":"product_tag","embeddable":true,"href":"https:\/\/nuvem.paris\/index.php\/wp-json\/wp\/v2\/product_tag?post=3109"}],"curies":[{"name":"wp","href":"https:\/\/api.w.org\/{rel}","templated":true}]}}