{"id":3654,"date":"2025-04-16T20:10:31","date_gmt":"2025-04-16T18:10:31","guid":{"rendered":"https:\/\/nuvem.paris\/?page_id=3654"},"modified":"2025-07-07T19:33:15","modified_gmt":"2025-07-07T17:33:15","slug":"guide-tailles-tshirt","status":"publish","type":"page","link":"https:\/\/nuvem.paris\/index.php\/guide-tailles-tshirt\/","title":{"rendered":"Guide tailles tshirt"},"content":{"rendered":"\t\t<div data-elementor-type=\"wp-page\" data-elementor-id=\"3654\" class=\"elementor elementor-3654\" data-elementor-post-type=\"page\">\n\t\t\t\t<div class=\"elementor-element elementor-element-c491fbb e-flex e-con-boxed e-con e-parent\" data-id=\"c491fbb\" data-element_type=\"container\">\n\t\t\t\t\t<div class=\"e-con-inner\">\n\t\t\t\t<div class=\"elementor-element elementor-element-f9649c5 elementor-widget elementor-widget-heading\" data-id=\"f9649c5\" data-element_type=\"widget\" data-widget_type=\"heading.default\">\n\t\t\t\t<div class=\"elementor-widget-container\">\n\t\t\t\t\t<h2 class=\"elementor-heading-title elementor-size-default\">Guide des tailles <\/h2>\t\t\t\t<\/div>\n\t\t\t\t<\/div>\n\t\t\t\t\t<\/div>\n\t\t\t\t<\/div>\n\t\t<div class=\"elementor-element elementor-element-b1c3199 e-flex e-con-boxed e-con e-parent\" data-id=\"b1c3199\" data-element_type=\"container\">\n\t\t\t\t\t<div class=\"e-con-inner\">\n\t\t\t\t<div class=\"elementor-element elementor-element-f512041 elementor-widget elementor-widget-heading\" data-id=\"f512041\" data-element_type=\"widget\" data-widget_type=\"heading.default\">\n\t\t\t\t<div class=\"elementor-widget-container\">\n\t\t\t\t\t<h2 class=\"elementor-heading-title elementor-size-default\">T-shirt <\/h2>\t\t\t\t<\/div>\n\t\t\t\t<\/div>\n\t\t\t\t\t<\/div>\n\t\t\t\t<\/div>\n\t\t<div class=\"elementor-element elementor-element-f50268e e-flex e-con-boxed e-con e-parent\" data-id=\"f50268e\" data-element_type=\"container\">\n\t\t\t\t\t<div class=\"e-con-inner\">\n\t\t\t\t<div class=\"elementor-element elementor-element-0d80b1c elementor-widget elementor-widget-text-editor\" data-id=\"0d80b1c\" data-element_type=\"widget\" data-widget_type=\"text-editor.default\">\n\t\t\t\t<div class=\"elementor-widget-container\">\n\t\t\t\t\t\t\t\t\t<p>\u00a0<\/p><p><img decoding=\"async\" src=\"https:\/\/image.spreadshirtmedia.net\/image-server\/v1\/productTypes\/2372\/variants\/size?width=200&amp;height=200\" alt=\"T-shirt bio Blaster coupe oversize Stanley\/Stella Unisexe\" width=\"200\" height=\"200\" \/><\/p><p>Taille Oversize, il est conseill\u00e9 de prendre une taille en dessous de la v\u00f4tre habituellement :<\/p><table><thead><tr><th>\u00a0<\/th><th class=\"measure-name\">A<\/th><th class=\"measure-name\">B<\/th><th class=\"measure-name\">C<\/th><\/tr><\/thead><tbody><tr class=\"size size-1\"><td class=\"size-cell\">XS<\/td><td class=\"measure-cell measure-cell-0\">670 mm<\/td><td class=\"measure-cell measure-cell-1\">610 mm<\/td><td class=\"measure-cell measure-cell-2\">205 mm<\/td><\/tr><tr class=\"size size-2\"><td class=\"size-cell\">S<\/td><td class=\"measure-cell measure-cell-0\">710 mm<\/td><td class=\"measure-cell measure-cell-1\">630 mm<\/td><td class=\"measure-cell measure-cell-2\">215 mm<\/td><\/tr><tr class=\"size size-3\"><td class=\"size-cell\">M<\/td><td class=\"measure-cell measure-cell-0\">750 mm<\/td><td class=\"measure-cell measure-cell-1\">670 mm<\/td><td class=\"measure-cell measure-cell-2\">230 mm<\/td><\/tr><tr class=\"size size-4\"><td class=\"size-cell\">L<\/td><td class=\"measure-cell measure-cell-0\">770 mm<\/td><td class=\"measure-cell measure-cell-1\">700 mm<\/td><td class=\"measure-cell measure-cell-2\">250 mm<\/td><\/tr><tr class=\"size size-5\"><td class=\"size-cell\">XL<\/td><td class=\"measure-cell measure-cell-0\">790 mm<\/td><td class=\"measure-cell measure-cell-1\">730 mm<\/td><td class=\"measure-cell measure-cell-2\">255 mm<\/td><\/tr><tr class=\"size size-6\"><td class=\"size-cell\">XXL<\/td><td class=\"measure-cell measure-cell-0\">810 mm<\/td><td class=\"measure-cell measure-cell-1\">770 mm<\/td><td class=\"measure-cell measure-cell-2\">260 mm<\/td><\/tr><tr class=\"size size-38\"><td class=\"size-cell\">3XL<\/td><td class=\"measure-cell measure-cell-0\">830 mm<\/td><td class=\"measure-cell measure-cell-1\">810 mm<\/td><td class=\"measure-cell measure-cell-2\">265 mm<\/td><\/tr><\/tbody><\/table>\t\t\t\t\t\t\t\t<\/div>\n\t\t\t\t<\/div>\n\t\t\t\t\t<\/div>\n\t\t\t\t<\/div>\n\t\t\t\t<\/div>\n\t\t","protected":false},"excerpt":{"rendered":"<p>Guide des tailles T-shirt \u00a0 Taille Oversize, il est conseill\u00e9 de prendre une taille en dessous de la v\u00f4tre habituellement : \u00a0 A B C XS 670 mm 610 mm 205 mm S 710 mm 630 mm 215 mm M 750 mm 670 mm 230 mm L 770 mm 700 mm 250 mm XL 790 [&hellip;]<\/p>\n","protected":false},"author":2,"featured_media":0,"parent":0,"menu_order":0,"comment_status":"closed","ping_status":"closed","template":"elementor_header_footer","meta":{"footnotes":""},"class_list":["post-3654","page","type-page","status-publish","hentry"],"yoast_head":"<!-- This site is optimized with the Yoast SEO plugin v26.2 - https:\/\/yoast.com\/wordpress\/plugins\/seo\/ -->\n<title>Guide tailles tshirt - Nuvem<\/title>\n<meta name=\"robots\" content=\"index, follow, max-snippet:-1, max-image-preview:large, max-video-preview:-1\" \/>\n<link rel=\"canonical\" href=\"https:\/\/nuvem.paris\/index.php\/guide-tailles-tshirt\/\" \/>\n<meta property=\"og:locale\" content=\"fr_FR\" \/>\n<meta property=\"og:type\" content=\"article\" \/>\n<meta property=\"og:title\" content=\"Guide tailles tshirt - Nuvem\" \/>\n<meta property=\"og:description\" content=\"Guide des tailles T-shirt \u00a0 Taille Oversize, il est conseill\u00e9 de prendre une taille en dessous de la v\u00f4tre habituellement : \u00a0 A B C XS 670 mm 610 mm 205 mm S 710 mm 630 mm 215 mm M 750 mm 670 mm 230 mm L 770 mm 700 mm 250 mm XL 790 [&hellip;]\" \/>\n<meta property=\"og:url\" content=\"https:\/\/nuvem.paris\/index.php\/guide-tailles-tshirt\/\" \/>\n<meta property=\"og:site_name\" content=\"Nuvem\" \/>\n<meta property=\"article:modified_time\" content=\"2025-07-07T17:33:15+00:00\" \/>\n<meta property=\"og:image\" content=\"https:\/\/image.spreadshirtmedia.net\/image-server\/v1\/productTypes\/2372\/variants\/size?width=200&amp;height=200\" \/>\n<meta name=\"twitter:card\" content=\"summary_large_image\" \/>\n<meta name=\"twitter:label1\" content=\"Dur\u00e9e de lecture estim\u00e9e\" \/>\n\t<meta name=\"twitter:data1\" content=\"1 minute\" \/>\n<script type=\"application\/ld+json\" class=\"yoast-schema-graph\">{\"@context\":\"https:\/\/schema.org\",\"@graph\":[{\"@type\":\"WebPage\",\"@id\":\"https:\/\/nuvem.paris\/index.php\/guide-tailles-tshirt\/\",\"url\":\"https:\/\/nuvem.paris\/index.php\/guide-tailles-tshirt\/\",\"name\":\"Guide tailles tshirt - Nuvem\",\"isPartOf\":{\"@id\":\"https:\/\/nuvem.paris\/#website\"},\"primaryImageOfPage\":{\"@id\":\"https:\/\/nuvem.paris\/index.php\/guide-tailles-tshirt\/#primaryimage\"},\"image\":{\"@id\":\"https:\/\/nuvem.paris\/index.php\/guide-tailles-tshirt\/#primaryimage\"},\"thumbnailUrl\":\"https:\/\/image.spreadshirtmedia.net\/image-server\/v1\/productTypes\/2372\/variants\/size?width=200&amp;height=200\",\"datePublished\":\"2025-04-16T18:10:31+00:00\",\"dateModified\":\"2025-07-07T17:33:15+00:00\",\"breadcrumb\":{\"@id\":\"https:\/\/nuvem.paris\/index.php\/guide-tailles-tshirt\/#breadcrumb\"},\"inLanguage\":\"fr-FR\",\"potentialAction\":[{\"@type\":\"ReadAction\",\"target\":[\"https:\/\/nuvem.paris\/index.php\/guide-tailles-tshirt\/\"]}]},{\"@type\":\"ImageObject\",\"inLanguage\":\"fr-FR\",\"@id\":\"https:\/\/nuvem.paris\/index.php\/guide-tailles-tshirt\/#primaryimage\",\"url\":\"https:\/\/image.spreadshirtmedia.net\/image-server\/v1\/productTypes\/2372\/variants\/size?width=200&amp;height=200\",\"contentUrl\":\"https:\/\/image.spreadshirtmedia.net\/image-server\/v1\/productTypes\/2372\/variants\/size?width=200&amp;height=200\"},{\"@type\":\"BreadcrumbList\",\"@id\":\"https:\/\/nuvem.paris\/index.php\/guide-tailles-tshirt\/#breadcrumb\",\"itemListElement\":[{\"@type\":\"ListItem\",\"position\":1,\"name\":\"Accueil\",\"item\":\"https:\/\/nuvem.paris\/\"},{\"@type\":\"ListItem\",\"position\":2,\"name\":\"Guide tailles tshirt\"}]},{\"@type\":\"WebSite\",\"@id\":\"https:\/\/nuvem.paris\/#website\",\"url\":\"https:\/\/nuvem.paris\/\",\"name\":\"Nuvem\",\"description\":\"Portugal inspir\u00e9, nature pr\u00e9serv\u00e9e - la mode \u00e9co-consciente\",\"publisher\":{\"@id\":\"https:\/\/nuvem.paris\/#organization\"},\"potentialAction\":[{\"@type\":\"SearchAction\",\"target\":{\"@type\":\"EntryPoint\",\"urlTemplate\":\"https:\/\/nuvem.paris\/?s={search_term_string}\"},\"query-input\":{\"@type\":\"PropertyValueSpecification\",\"valueRequired\":true,\"valueName\":\"search_term_string\"}}],\"inLanguage\":\"fr-FR\"},{\"@type\":\"Organization\",\"@id\":\"https:\/\/nuvem.paris\/#organization\",\"name\":\"Nuvem\",\"url\":\"https:\/\/nuvem.paris\/\",\"logo\":{\"@type\":\"ImageObject\",\"inLanguage\":\"fr-FR\",\"@id\":\"https:\/\/nuvem.paris\/#\/schema\/logo\/image\/\",\"url\":\"https:\/\/nuvem.paris\/wp-content\/uploads\/2024\/04\/autocollant.png\",\"contentUrl\":\"https:\/\/nuvem.paris\/wp-content\/uploads\/2024\/04\/autocollant.png\",\"width\":800,\"height\":360,\"caption\":\"Nuvem\"},\"image\":{\"@id\":\"https:\/\/nuvem.paris\/#\/schema\/logo\/image\/\"}}]}<\/script>\n<!-- \/ Yoast SEO plugin. -->","yoast_head_json":{"title":"Guide tailles tshirt - Nuvem","robots":{"index":"index","follow":"follow","max-snippet":"max-snippet:-1","max-image-preview":"max-image-preview:large","max-video-preview":"max-video-preview:-1"},"canonical":"https:\/\/nuvem.paris\/index.php\/guide-tailles-tshirt\/","og_locale":"fr_FR","og_type":"article","og_title":"Guide tailles tshirt - Nuvem","og_description":"Guide des tailles T-shirt \u00a0 Taille Oversize, il est conseill\u00e9 de prendre une taille en dessous de la v\u00f4tre habituellement : \u00a0 A B C XS 670 mm 610 mm 205 mm S 710 mm 630 mm 215 mm M 750 mm 670 mm 230 mm L 770 mm 700 mm 250 mm XL 790 [&hellip;]","og_url":"https:\/\/nuvem.paris\/index.php\/guide-tailles-tshirt\/","og_site_name":"Nuvem","article_modified_time":"2025-07-07T17:33:15+00:00","og_image":[{"url":"https:\/\/image.spreadshirtmedia.net\/image-server\/v1\/productTypes\/2372\/variants\/size?width=200&amp;height=200","type":"","width":"","height":""}],"twitter_card":"summary_large_image","twitter_misc":{"Dur\u00e9e de lecture estim\u00e9e":"1 minute"},"schema":{"@context":"https:\/\/schema.org","@graph":[{"@type":"WebPage","@id":"https:\/\/nuvem.paris\/index.php\/guide-tailles-tshirt\/","url":"https:\/\/nuvem.paris\/index.php\/guide-tailles-tshirt\/","name":"Guide tailles tshirt - Nuvem","isPartOf":{"@id":"https:\/\/nuvem.paris\/#website"},"primaryImageOfPage":{"@id":"https:\/\/nuvem.paris\/index.php\/guide-tailles-tshirt\/#primaryimage"},"image":{"@id":"https:\/\/nuvem.paris\/index.php\/guide-tailles-tshirt\/#primaryimage"},"thumbnailUrl":"https:\/\/image.spreadshirtmedia.net\/image-server\/v1\/productTypes\/2372\/variants\/size?width=200&amp;height=200","datePublished":"2025-04-16T18:10:31+00:00","dateModified":"2025-07-07T17:33:15+00:00","breadcrumb":{"@id":"https:\/\/nuvem.paris\/index.php\/guide-tailles-tshirt\/#breadcrumb"},"inLanguage":"fr-FR","potentialAction":[{"@type":"ReadAction","target":["https:\/\/nuvem.paris\/index.php\/guide-tailles-tshirt\/"]}]},{"@type":"ImageObject","inLanguage":"fr-FR","@id":"https:\/\/nuvem.paris\/index.php\/guide-tailles-tshirt\/#primaryimage","url":"https:\/\/image.spreadshirtmedia.net\/image-server\/v1\/productTypes\/2372\/variants\/size?width=200&amp;height=200","contentUrl":"https:\/\/image.spreadshirtmedia.net\/image-server\/v1\/productTypes\/2372\/variants\/size?width=200&amp;height=200"},{"@type":"BreadcrumbList","@id":"https:\/\/nuvem.paris\/index.php\/guide-tailles-tshirt\/#breadcrumb","itemListElement":[{"@type":"ListItem","position":1,"name":"Accueil","item":"https:\/\/nuvem.paris\/"},{"@type":"ListItem","position":2,"name":"Guide tailles tshirt"}]},{"@type":"WebSite","@id":"https:\/\/nuvem.paris\/#website","url":"https:\/\/nuvem.paris\/","name":"Nuvem","description":"Portugal inspir\u00e9, nature pr\u00e9serv\u00e9e - la mode \u00e9co-consciente","publisher":{"@id":"https:\/\/nuvem.paris\/#organization"},"potentialAction":[{"@type":"SearchAction","target":{"@type":"EntryPoint","urlTemplate":"https:\/\/nuvem.paris\/?s={search_term_string}"},"query-input":{"@type":"PropertyValueSpecification","valueRequired":true,"valueName":"search_term_string"}}],"inLanguage":"fr-FR"},{"@type":"Organization","@id":"https:\/\/nuvem.paris\/#organization","name":"Nuvem","url":"https:\/\/nuvem.paris\/","logo":{"@type":"ImageObject","inLanguage":"fr-FR","@id":"https:\/\/nuvem.paris\/#\/schema\/logo\/image\/","url":"https:\/\/nuvem.paris\/wp-content\/uploads\/2024\/04\/autocollant.png","contentUrl":"https:\/\/nuvem.paris\/wp-content\/uploads\/2024\/04\/autocollant.png","width":800,"height":360,"caption":"Nuvem"},"image":{"@id":"https:\/\/nuvem.paris\/#\/schema\/logo\/image\/"}}]}},"_links":{"self":[{"href":"https:\/\/nuvem.paris\/index.php\/wp-json\/wp\/v2\/pages\/3654","targetHints":{"allow":["GET"]}}],"collection":[{"href":"https:\/\/nuvem.paris\/index.php\/wp-json\/wp\/v2\/pages"}],"about":[{"href":"https:\/\/nuvem.paris\/index.php\/wp-json\/wp\/v2\/types\/page"}],"author":[{"embeddable":true,"href":"https:\/\/nuvem.paris\/index.php\/wp-json\/wp\/v2\/users\/2"}],"replies":[{"embeddable":true,"href":"https:\/\/nuvem.paris\/index.php\/wp-json\/wp\/v2\/comments?post=3654"}],"version-history":[{"count":7,"href":"https:\/\/nuvem.paris\/index.php\/wp-json\/wp\/v2\/pages\/3654\/revisions"}],"predecessor-version":[{"id":5238,"href":"https:\/\/nuvem.paris\/index.php\/wp-json\/wp\/v2\/pages\/3654\/revisions\/5238"}],"wp:attachment":[{"href":"https:\/\/nuvem.paris\/index.php\/wp-json\/wp\/v2\/media?parent=3654"}],"curies":[{"name":"wp","href":"https:\/\/api.w.org\/{rel}","templated":true}]}}