{"id":26,"date":"2024-04-12T23:05:41","date_gmt":"2024-04-12T21:05:41","guid":{"rendered":"http:\/\/nuvem-paris.fr\/?page_id=26"},"modified":"2025-11-28T21:07:17","modified_gmt":"2025-11-28T20:07:17","slug":"accueil","status":"publish","type":"page","link":"https:\/\/nuvem.paris\/","title":{"rendered":"Accueil"},"content":{"rendered":"\t\t<div data-elementor-type=\"wp-page\" data-elementor-id=\"26\" class=\"elementor elementor-26\" data-elementor-post-type=\"page\">\n\t\t\t\t<div class=\"elementor-element elementor-element-a790549 e-flex e-con-boxed e-con e-parent\" data-id=\"a790549\" data-element_type=\"container\">\n\t\t\t\t\t<div class=\"e-con-inner\">\n\t\t<div class=\"elementor-element elementor-element-97a9eb6 e-con-full e-flex e-con e-child\" data-id=\"97a9eb6\" data-element_type=\"container\">\n\t\t\t\t<div class=\"elementor-element elementor-element-69e83b7 elementor-widget elementor-widget-spacer\" data-id=\"69e83b7\" data-element_type=\"widget\" data-widget_type=\"spacer.default\">\n\t\t\t\t<div class=\"elementor-widget-container\">\n\t\t\t\t\t\t\t<div class=\"elementor-spacer\">\n\t\t\t<div class=\"elementor-spacer-inner\"><\/div>\n\t\t<\/div>\n\t\t\t\t\t\t<\/div>\n\t\t\t\t<\/div>\n\t\t\t\t<div class=\"elementor-element elementor-element-855b057 elementor-widget elementor-widget-image\" data-id=\"855b057\" data-element_type=\"widget\" data-widget_type=\"image.default\">\n\t\t\t\t<div class=\"elementor-widget-container\">\n\t\t\t\t\t\t\t\t\t\t\t\t\t\t\t<img fetchpriority=\"high\" decoding=\"async\" width=\"800\" height=\"926\" src=\"https:\/\/nuvem.paris\/wp-content\/uploads\/2024\/04\/WhatsApp-Image-2024-04-14-at-21.46.02-3-885x1024.jpeg\" class=\"attachment-large size-large wp-image-283\" alt=\"\" srcset=\"https:\/\/nuvem.paris\/wp-content\/uploads\/2024\/04\/WhatsApp-Image-2024-04-14-at-21.46.02-3-885x1024.jpeg 885w, https:\/\/nuvem.paris\/wp-content\/uploads\/2024\/04\/WhatsApp-Image-2024-04-14-at-21.46.02-3-scaled-600x694.jpeg 600w, https:\/\/nuvem.paris\/wp-content\/uploads\/2024\/04\/WhatsApp-Image-2024-04-14-at-21.46.02-3-259x300.jpeg 259w, https:\/\/nuvem.paris\/wp-content\/uploads\/2024\/04\/WhatsApp-Image-2024-04-14-at-21.46.02-3-768x888.jpeg 768w, https:\/\/nuvem.paris\/wp-content\/uploads\/2024\/04\/WhatsApp-Image-2024-04-14-at-21.46.02-3-1328x1536.jpeg 1328w, https:\/\/nuvem.paris\/wp-content\/uploads\/2024\/04\/WhatsApp-Image-2024-04-14-at-21.46.02-3-1770x2048.jpeg 1770w\" sizes=\"(max-width: 800px) 100vw, 800px\" \/>\t\t\t\t\t\t\t\t\t\t\t\t\t\t\t<\/div>\n\t\t\t\t<\/div>\n\t\t\t\t<div class=\"elementor-element elementor-element-f91c72b elementor-hidden-desktop elementor-hidden-tablet elementor-widget-divider--view-line elementor-widget elementor-widget-divider\" data-id=\"f91c72b\" data-element_type=\"widget\" data-widget_type=\"divider.default\">\n\t\t\t\t<div class=\"elementor-widget-container\">\n\t\t\t\t\t\t\t<div class=\"elementor-divider\">\n\t\t\t<span class=\"elementor-divider-separator\">\n\t\t\t\t\t\t<\/span>\n\t\t<\/div>\n\t\t\t\t\t\t<\/div>\n\t\t\t\t<\/div>\n\t\t\t\t<div class=\"elementor-element elementor-element-9dd113d elementor-hidden-desktop elementor-hidden-tablet elementor-hidden-mobile elementor-widget elementor-widget-spacer\" data-id=\"9dd113d\" data-element_type=\"widget\" data-widget_type=\"spacer.default\">\n\t\t\t\t<div class=\"elementor-widget-container\">\n\t\t\t\t\t\t\t<div class=\"elementor-spacer\">\n\t\t\t<div class=\"elementor-spacer-inner\"><\/div>\n\t\t<\/div>\n\t\t\t\t\t\t<\/div>\n\t\t\t\t<\/div>\n\t\t\t\t<\/div>\n\t\t<div class=\"elementor-element elementor-element-0d067e7 e-con-full e-flex e-con e-child\" data-id=\"0d067e7\" data-element_type=\"container\">\n\t\t\t\t<div class=\"elementor-element elementor-element-4b62095 elementor-widget elementor-widget-icon-box\" data-id=\"4b62095\" data-element_type=\"widget\" data-widget_type=\"icon-box.default\">\n\t\t\t\t<div class=\"elementor-widget-container\">\n\t\t\t\t\t\t\t<div class=\"elementor-icon-box-wrapper\">\n\n\t\t\t\n\t\t\t\t\t\t<div class=\"elementor-icon-box-content\">\n\n\t\t\t\t\t\t\t\t\t<h3 class=\"elementor-icon-box-title\">\n\t\t\t\t\t\t<span  >\n\t\t\t\t\t\t\tQUI SOMMES NOUS ?\t\t\t\t\t\t<\/span>\n\t\t\t\t\t<\/h3>\n\t\t\t\t\n\t\t\t\t\t\t\t\t\t<p class=\"elementor-icon-box-description\">\n\t\t\t\t\t\tNous, c\u2019est Charles &amp; Gaby. Nous nous sommes rencontr\u00e9s lors de nos \u00e9tudes et sommes devenus amis. Ayant un but en commun, celui de cr\u00e9er notre marque, nous avons d\u00e9cid\u00e9 de le faire ensemble !\t\t\t\t\t<\/p>\n\t\t\t\t\n\t\t\t<\/div>\n\t\t\t\n\t\t<\/div>\n\t\t\t\t\t\t<\/div>\n\t\t\t\t<\/div>\n\t\t\t\t<div class=\"elementor-element elementor-element-c87f472 elementor-widget elementor-widget-button\" data-id=\"c87f472\" data-element_type=\"widget\" data-widget_type=\"button.default\">\n\t\t\t\t<div class=\"elementor-widget-container\">\n\t\t\t\t\t\t\t\t\t<div class=\"elementor-button-wrapper\">\n\t\t\t\t\t<a class=\"elementor-button elementor-button-link elementor-size-sm\" href=\"https:\/\/nuvem.paris\/index.php\/shop\/\">\n\t\t\t\t\t\t<span class=\"elementor-button-content-wrapper\">\n\t\t\t\t\t\t\t\t\t<span class=\"elementor-button-text\">Voir nos produits<\/span>\n\t\t\t\t\t<\/span>\n\t\t\t\t\t<\/a>\n\t\t\t\t<\/div>\n\t\t\t\t\t\t\t\t<\/div>\n\t\t\t\t<\/div>\n\t\t\t\t<\/div>\n\t\t\t\t\t<\/div>\n\t\t\t\t<\/div>\n\t\t<div class=\"elementor-element elementor-element-0ba8eb3 e-flex e-con-boxed e-con e-parent\" data-id=\"0ba8eb3\" data-element_type=\"container\">\n\t\t\t\t\t<div class=\"e-con-inner\">\n\t\t\t\t<div class=\"elementor-element elementor-element-ef330d0 elementor-widget-divider--view-line elementor-widget elementor-widget-divider\" data-id=\"ef330d0\" data-element_type=\"widget\" data-widget_type=\"divider.default\">\n\t\t\t\t<div class=\"elementor-widget-container\">\n\t\t\t\t\t\t\t<div class=\"elementor-divider\">\n\t\t\t<span class=\"elementor-divider-separator\">\n\t\t\t\t\t\t<\/span>\n\t\t<\/div>\n\t\t\t\t\t\t<\/div>\n\t\t\t\t<\/div>\n\t\t\t\t<div class=\"elementor-element elementor-element-9c801ef elementor-widget elementor-widget-icon-box\" data-id=\"9c801ef\" data-element_type=\"widget\" data-widget_type=\"icon-box.default\">\n\t\t\t\t<div class=\"elementor-widget-container\">\n\t\t\t\t\t\t\t<div class=\"elementor-icon-box-wrapper\">\n\n\t\t\t\n\t\t\t\t\t\t<div class=\"elementor-icon-box-content\">\n\n\t\t\t\t\t\t\t\t\t<h3 class=\"elementor-icon-box-title\">\n\t\t\t\t\t\t<span  >\n\t\t\t\t\t\t\tNOS T-SHIRTS\t\t\t\t\t\t<\/span>\n\t\t\t\t\t<\/h3>\n\t\t\t\t\n\t\t\t\t\t\t\t\t\t<p class=\"elementor-icon-box-description\">\n\t\t\t\t\t\tNos t-shirts sont transform\u00e9 en Allemagne et dans un univers \u00e9cologique. <br>En effet, nos t-shirts sont 100% coton, fil\u00e9 \u00e0 l\u2019anneau et peign\u00e9 ou brod\u00e9. Vous les recevrez dans un emballage sans plastique qui respecte notre environnement. La coupe de nos t-shirts est d\u00e9contract\u00e9e. Pour \u00e9viter la surproduction de v\u00eatements, nos t-shirts sont produits \u00e0 la commande. Ce syst\u00e8me implique des d\u00e9lais de livraison parfois plus longs. Nous avons pr\u00e9f\u00e9r\u00e9 privil\u00e9gier l\u2019environnement aux d\u00e9lais de livraison.\t\t\t\t\t<\/p>\n\t\t\t\t\n\t\t\t<\/div>\n\t\t\t\n\t\t<\/div>\n\t\t\t\t\t\t<\/div>\n\t\t\t\t<\/div>\n\t\t\t\t\t<\/div>\n\t\t\t\t<\/div>\n\t\t<div class=\"elementor-element elementor-element-fed1926 e-flex e-con-boxed e-con e-parent\" data-id=\"fed1926\" data-element_type=\"container\">\n\t\t\t\t\t<div class=\"e-con-inner\">\n\t\t<div class=\"elementor-element elementor-element-8e69d95 e-con-full e-flex e-con e-child\" data-id=\"8e69d95\" data-element_type=\"container\">\n\t\t\t\t<div class=\"elementor-element elementor-element-01cd5b9 elementor-widget elementor-widget-image\" data-id=\"01cd5b9\" data-element_type=\"widget\" data-widget_type=\"image.default\">\n\t\t\t\t<div class=\"elementor-widget-container\">\n\t\t\t\t\t\t\t\t\t\t\t\t\t\t\t<img decoding=\"async\" width=\"565\" height=\"565\" src=\"https:\/\/nuvem.paris\/wp-content\/uploads\/2024\/04\/ORGANIC-100-1-1.png\" class=\"attachment-large size-large wp-image-767\" alt=\"\" srcset=\"https:\/\/nuvem.paris\/wp-content\/uploads\/2024\/04\/ORGANIC-100-1-1.png 565w, https:\/\/nuvem.paris\/wp-content\/uploads\/2024\/04\/ORGANIC-100-1-1-300x300.png 300w, https:\/\/nuvem.paris\/wp-content\/uploads\/2024\/04\/ORGANIC-100-1-1-150x150.png 150w, https:\/\/nuvem.paris\/wp-content\/uploads\/2024\/04\/ORGANIC-100-1-1-100x100.png 100w\" sizes=\"(max-width: 565px) 100vw, 565px\" \/>\t\t\t\t\t\t\t\t\t\t\t\t\t\t\t<\/div>\n\t\t\t\t<\/div>\n\t\t\t\t<\/div>\n\t\t<div class=\"elementor-element elementor-element-2e2c46d e-con-full e-flex e-con e-child\" data-id=\"2e2c46d\" data-element_type=\"container\">\n\t\t\t\t<div class=\"elementor-element elementor-element-cb72c1c elementor-widget elementor-widget-image\" data-id=\"cb72c1c\" data-element_type=\"widget\" data-widget_type=\"image.default\">\n\t\t\t\t<div class=\"elementor-widget-container\">\n\t\t\t\t\t\t\t\t\t\t\t\t\t\t\t<img decoding=\"async\" width=\"500\" height=\"500\" src=\"https:\/\/nuvem.paris\/wp-content\/uploads\/2024\/04\/gots-global-organic-textile-standard-logo.png\" class=\"attachment-large size-large wp-image-769\" alt=\"\" srcset=\"https:\/\/nuvem.paris\/wp-content\/uploads\/2024\/04\/gots-global-organic-textile-standard-logo.png 500w, https:\/\/nuvem.paris\/wp-content\/uploads\/2024\/04\/gots-global-organic-textile-standard-logo-300x300.png 300w, https:\/\/nuvem.paris\/wp-content\/uploads\/2024\/04\/gots-global-organic-textile-standard-logo-150x150.png 150w, https:\/\/nuvem.paris\/wp-content\/uploads\/2024\/04\/gots-global-organic-textile-standard-logo-100x100.png 100w\" sizes=\"(max-width: 500px) 100vw, 500px\" \/>\t\t\t\t\t\t\t\t\t\t\t\t\t\t\t<\/div>\n\t\t\t\t<\/div>\n\t\t\t\t<\/div>\n\t\t\t\t\t<\/div>\n\t\t\t\t<\/div>\n\t\t<div class=\"elementor-element elementor-element-eeaedbe e-flex e-con-boxed e-con e-parent\" data-id=\"eeaedbe\" data-element_type=\"container\">\n\t\t\t\t\t<div class=\"e-con-inner\">\n\t\t\t\t<div class=\"elementor-element elementor-element-15d1f60 elementor-widget elementor-widget-image\" data-id=\"15d1f60\" data-element_type=\"widget\" data-widget_type=\"image.default\">\n\t\t\t\t<div class=\"elementor-widget-container\">\n\t\t\t\t\t\t\t\t\t\t\t\t\t\t\t<img loading=\"lazy\" decoding=\"async\" width=\"800\" height=\"534\" src=\"https:\/\/nuvem.paris\/wp-content\/uploads\/2025\/11\/PAGE-DACCUEIL-1024x683.jpg\" class=\"attachment-large size-large wp-image-7822\" alt=\"\" srcset=\"https:\/\/nuvem.paris\/wp-content\/uploads\/2025\/11\/PAGE-DACCUEIL-1024x683.jpg 1024w, https:\/\/nuvem.paris\/wp-content\/uploads\/2025\/11\/PAGE-DACCUEIL-300x200.jpg 300w, https:\/\/nuvem.paris\/wp-content\/uploads\/2025\/11\/PAGE-DACCUEIL-768x512.jpg 768w, https:\/\/nuvem.paris\/wp-content\/uploads\/2025\/11\/PAGE-DACCUEIL-1536x1024.jpg 1536w, https:\/\/nuvem.paris\/wp-content\/uploads\/2025\/11\/PAGE-DACCUEIL-2048x1365.jpg 2048w, https:\/\/nuvem.paris\/wp-content\/uploads\/2025\/11\/PAGE-DACCUEIL-600x400.jpg 600w\" sizes=\"(max-width: 800px) 100vw, 800px\" \/>\t\t\t\t\t\t\t\t\t\t\t\t\t\t\t<\/div>\n\t\t\t\t<\/div>\n\t\t\t\t<div class=\"elementor-element elementor-element-532a161 elementor-widget-divider--view-line elementor-widget elementor-widget-divider\" data-id=\"532a161\" data-element_type=\"widget\" data-widget_type=\"divider.default\">\n\t\t\t\t<div class=\"elementor-widget-container\">\n\t\t\t\t\t\t\t<div class=\"elementor-divider\">\n\t\t\t<span class=\"elementor-divider-separator\">\n\t\t\t\t\t\t<\/span>\n\t\t<\/div>\n\t\t\t\t\t\t<\/div>\n\t\t\t\t<\/div>\n\t\t\t\t<div class=\"elementor-element elementor-element-8d4a716 elementor-widget elementor-widget-icon-box\" data-id=\"8d4a716\" data-element_type=\"widget\" data-widget_type=\"icon-box.default\">\n\t\t\t\t<div class=\"elementor-widget-container\">\n\t\t\t\t\t\t\t<div class=\"elementor-icon-box-wrapper\">\n\n\t\t\t\n\t\t\t\t\t\t<div class=\"elementor-icon-box-content\">\n\n\t\t\t\t\t\t\t\t\t<h3 class=\"elementor-icon-box-title\">\n\t\t\t\t\t\t<span  >\n\t\t\t\t\t\t\tPOURQUOI NUVEM ?\t\t\t\t\t\t<\/span>\n\t\t\t\t\t<\/h3>\n\t\t\t\t\n\t\t\t\t\t\t\t\t\t<p class=\"elementor-icon-box-description\">\n\t\t\t\t\t\tGaby, \u00e9tant d\u2019origine portugaise, elle voulait un nom pour notre marque qui repr\u00e9sente son origine.<br> Alors, on a essay\u00e9 de trouver un mot en portugais qui nous correspondait. Nuvem signifie nuage. Notre marque, c\u2019est notre cocon, notre nuage, notre univers. Alors, ce mot nous correspondait \u00e0 merveille\t\t\t\t\t<\/p>\n\t\t\t\t\n\t\t\t<\/div>\n\t\t\t\n\t\t<\/div>\n\t\t\t\t\t\t<\/div>\n\t\t\t\t<\/div>\n\t\t\t\t\t<\/div>\n\t\t\t\t<\/div>\n\t\t<div class=\"elementor-element elementor-element-9969256 e-flex e-con-boxed e-con e-parent\" data-id=\"9969256\" data-element_type=\"container\">\n\t\t\t\t\t<div class=\"e-con-inner\">\n\t\t\t\t<div class=\"elementor-element elementor-element-dd5b93d elementor-widget elementor-widget-image\" data-id=\"dd5b93d\" data-element_type=\"widget\" data-widget_type=\"image.default\">\n\t\t\t\t<div class=\"elementor-widget-container\">\n\t\t\t\t\t\t\t\t\t\t\t\t\t\t\t<img loading=\"lazy\" decoding=\"async\" width=\"800\" height=\"360\" src=\"https:\/\/nuvem.paris\/wp-content\/uploads\/2024\/04\/autocollant.png\" class=\"attachment-large size-large wp-image-30\" alt=\"\" srcset=\"https:\/\/nuvem.paris\/wp-content\/uploads\/2024\/04\/autocollant.png 800w, https:\/\/nuvem.paris\/wp-content\/uploads\/2024\/04\/autocollant-600x270.png 600w, https:\/\/nuvem.paris\/wp-content\/uploads\/2024\/04\/autocollant-300x135.png 300w, https:\/\/nuvem.paris\/wp-content\/uploads\/2024\/04\/autocollant-768x346.png 768w\" sizes=\"(max-width: 800px) 100vw, 800px\" \/>\t\t\t\t\t\t\t\t\t\t\t\t\t\t\t<\/div>\n\t\t\t\t<\/div>\n\t\t\t\t<div class=\"elementor-element elementor-element-6bea20e elementor-widget-divider--view-line elementor-widget elementor-widget-divider\" data-id=\"6bea20e\" data-element_type=\"widget\" data-widget_type=\"divider.default\">\n\t\t\t\t<div class=\"elementor-widget-container\">\n\t\t\t\t\t\t\t<div class=\"elementor-divider\">\n\t\t\t<span class=\"elementor-divider-separator\">\n\t\t\t\t\t\t<\/span>\n\t\t<\/div>\n\t\t\t\t\t\t<\/div>\n\t\t\t\t<\/div>\n\t\t\t\t\t<\/div>\n\t\t\t\t<\/div>\n\t\t<div class=\"elementor-element elementor-element-1122b34 e-flex e-con-boxed e-con e-parent\" data-id=\"1122b34\" data-element_type=\"container\">\n\t\t\t\t\t<div class=\"e-con-inner\">\n\t\t\t\t<div class=\"elementor-element elementor-element-d730339 elementor-widget elementor-widget-icon-box\" data-id=\"d730339\" data-element_type=\"widget\" data-widget_type=\"icon-box.default\">\n\t\t\t\t<div class=\"elementor-widget-container\">\n\t\t\t\t\t\t\t<div class=\"elementor-icon-box-wrapper\">\n\n\t\t\t\n\t\t\t\t\t\t<div class=\"elementor-icon-box-content\">\n\n\t\t\t\t\t\t\t\t\t<h3 class=\"elementor-icon-box-title\">\n\t\t\t\t\t\t<span  >\n\t\t\t\t\t\t\tDROP\t\t\t\t\t\t<\/span>\n\t\t\t\t\t<\/h3>\n\t\t\t\t\n\t\t\t\t\t\t\t\t\t<p class=\"elementor-icon-box-description\">\n\t\t\t\t\t\tPour nous d\u00e9marquer, nous avons d\u00e9cid\u00e9 de cr\u00e9er un drop sur article unique.<br>Nous avons la chance d\u2019avoir dans la famille une styliste qui nous cr\u00e9e un accessoire fait main par mois. Un petit bouton est disponible en permanence sur notre site pour acc\u00e9der au drop mensuel. Si vous r\u00e9ussissez \u00e0 obtenir l\u2019article drop, vous aurez un article unique au monde !\t\t\t\t\t<\/p>\n\t\t\t\t\n\t\t\t<\/div>\n\t\t\t\n\t\t<\/div>\n\t\t\t\t\t\t<\/div>\n\t\t\t\t<\/div>\n\t\t\t\t<div class=\"elementor-element elementor-element-fa6d247 elementor-widget elementor-widget-spacer\" data-id=\"fa6d247\" data-element_type=\"widget\" data-widget_type=\"spacer.default\">\n\t\t\t\t<div class=\"elementor-widget-container\">\n\t\t\t\t\t\t\t<div class=\"elementor-spacer\">\n\t\t\t<div class=\"elementor-spacer-inner\"><\/div>\n\t\t<\/div>\n\t\t\t\t\t\t<\/div>\n\t\t\t\t<\/div>\n\t\t\t\t\t<\/div>\n\t\t\t\t<\/div>\n\t\t<div class=\"elementor-element elementor-element-7ffdebc e-con-full e-flex e-con e-parent\" data-id=\"7ffdebc\" data-element_type=\"container\">\n\t\t\t\t<div class=\"elementor-element elementor-element-ffda3c5 elementor-fixed elementor-hidden-desktop elementor-hidden-tablet elementor-hidden-mobile elementor-widget elementor-widget-heading\" data-id=\"ffda3c5\" data-element_type=\"widget\" data-settings=\"{&quot;_position&quot;:&quot;fixed&quot;}\" data-widget_type=\"heading.default\">\n\t\t\t\t<div class=\"elementor-widget-container\">\n\t\t\t\t\t<h2 class=\"elementor-heading-title elementor-size-default\"><a href=\"https:\/\/nuvem.paris\/index.php\/le-drop\/\">DROP<\/a><\/h2>\t\t\t\t<\/div>\n\t\t\t\t<\/div>\n\t\t\t\t<\/div>\n\t\t<div class=\"elementor-element elementor-element-2c7b79b e-flex e-con-boxed e-con e-parent\" data-id=\"2c7b79b\" data-element_type=\"container\">\n\t\t\t\t\t<div class=\"e-con-inner\">\n\t\t\t\t<div class=\"elementor-element elementor-element-b8c056a elementor-widget elementor-widget-spacer\" data-id=\"b8c056a\" data-element_type=\"widget\" data-widget_type=\"spacer.default\">\n\t\t\t\t<div class=\"elementor-widget-container\">\n\t\t\t\t\t\t\t<div class=\"elementor-spacer\">\n\t\t\t<div class=\"elementor-spacer-inner\"><\/div>\n\t\t<\/div>\n\t\t\t\t\t\t<\/div>\n\t\t\t\t<\/div>\n\t\t\t\t\t<\/div>\n\t\t\t\t<\/div>\n\t\t\t\t<\/div>\n\t\t","protected":false},"excerpt":{"rendered":"<p>QUI SOMMES NOUS ? Nous, c\u2019est Charles &amp; Gaby. Nous nous sommes rencontr\u00e9s lors de nos \u00e9tudes et sommes devenus amis. Ayant un but en commun, celui de cr\u00e9er notre marque, nous avons d\u00e9cid\u00e9 de le faire ensemble ! Voir nos produits NOS T-SHIRTS Nos t-shirts sont transform\u00e9 en Allemagne et dans un univers \u00e9cologique. [&hellip;]<\/p>\n","protected":false},"author":1,"featured_media":0,"parent":0,"menu_order":0,"comment_status":"closed","ping_status":"closed","template":"elementor_header_footer","meta":{"footnotes":""},"class_list":["post-26","page","type-page","status-publish","hentry"],"yoast_head":"<!-- This site is optimized with the Yoast SEO plugin v26.2 - https:\/\/yoast.com\/wordpress\/plugins\/seo\/ -->\n<title>Accueil - Nuvem<\/title>\n<meta name=\"description\" content=\"L\u2019objectif de notre marque de v\u00eatements est de vous proposer des t-shirts de qualit\u00e9, tout en pr\u00e9servant notre plan\u00e8te.\" \/>\n<meta name=\"robots\" content=\"index, follow, max-snippet:-1, max-image-preview:large, max-video-preview:-1\" \/>\n<link rel=\"canonical\" href=\"https:\/\/nuvem.paris\/\" \/>\n<meta property=\"og:locale\" content=\"fr_FR\" \/>\n<meta property=\"og:type\" content=\"article\" \/>\n<meta property=\"og:title\" content=\"Accueil - Nuvem\" \/>\n<meta property=\"og:description\" content=\"L\u2019objectif de notre marque de v\u00eatements est de vous proposer des t-shirts de qualit\u00e9, tout en pr\u00e9servant notre plan\u00e8te.\" \/>\n<meta property=\"og:url\" content=\"https:\/\/nuvem.paris\/\" \/>\n<meta property=\"og:site_name\" content=\"Nuvem\" \/>\n<meta property=\"article:modified_time\" content=\"2025-11-28T20:07:17+00:00\" \/>\n<meta property=\"og:image\" content=\"https:\/\/nuvem.paris\/wp-content\/uploads\/2024\/04\/WhatsApp-Image-2024-04-14-at-21.46.02-3-scaled.jpeg\" \/>\n\t<meta property=\"og:image:width\" content=\"2213\" \/>\n\t<meta property=\"og:image:height\" content=\"2560\" \/>\n\t<meta property=\"og:image:type\" content=\"image\/jpeg\" \/>\n<meta name=\"twitter:card\" content=\"summary_large_image\" \/>\n<meta name=\"twitter:label1\" content=\"Dur\u00e9e de lecture estim\u00e9e\" \/>\n\t<meta name=\"twitter:data1\" content=\"2 minutes\" \/>\n<script type=\"application\/ld+json\" class=\"yoast-schema-graph\">{\"@context\":\"https:\/\/schema.org\",\"@graph\":[{\"@type\":\"WebPage\",\"@id\":\"https:\/\/nuvem.paris\/\",\"url\":\"https:\/\/nuvem.paris\/\",\"name\":\"Accueil - Nuvem\",\"isPartOf\":{\"@id\":\"https:\/\/nuvem.paris\/#website\"},\"primaryImageOfPage\":{\"@id\":\"https:\/\/nuvem.paris\/#primaryimage\"},\"image\":{\"@id\":\"https:\/\/nuvem.paris\/#primaryimage\"},\"thumbnailUrl\":\"https:\/\/nuvem.paris\/wp-content\/uploads\/2024\/04\/WhatsApp-Image-2024-04-14-at-21.46.02-3-885x1024.jpeg\",\"datePublished\":\"2024-04-12T21:05:41+00:00\",\"dateModified\":\"2025-11-28T20:07:17+00:00\",\"description\":\"L\u2019objectif de notre marque de v\u00eatements est de vous proposer des t-shirts de qualit\u00e9, tout en pr\u00e9servant notre plan\u00e8te.\",\"breadcrumb\":{\"@id\":\"https:\/\/nuvem.paris\/#breadcrumb\"},\"inLanguage\":\"fr-FR\",\"potentialAction\":[{\"@type\":\"ReadAction\",\"target\":[\"https:\/\/nuvem.paris\/\"]}]},{\"@type\":\"ImageObject\",\"inLanguage\":\"fr-FR\",\"@id\":\"https:\/\/nuvem.paris\/#primaryimage\",\"url\":\"https:\/\/nuvem.paris\/wp-content\/uploads\/2024\/04\/WhatsApp-Image-2024-04-14-at-21.46.02-3-scaled.jpeg\",\"contentUrl\":\"https:\/\/nuvem.paris\/wp-content\/uploads\/2024\/04\/WhatsApp-Image-2024-04-14-at-21.46.02-3-scaled.jpeg\",\"width\":2213,\"height\":2560},{\"@type\":\"BreadcrumbList\",\"@id\":\"https:\/\/nuvem.paris\/#breadcrumb\",\"itemListElement\":[{\"@type\":\"ListItem\",\"position\":1,\"name\":\"Accueil\",\"item\":\"https:\/\/nuvem.paris\/\"},{\"@type\":\"ListItem\",\"position\":2,\"name\":\"Accueil\"}]},{\"@type\":\"WebSite\",\"@id\":\"https:\/\/nuvem.paris\/#website\",\"url\":\"https:\/\/nuvem.paris\/\",\"name\":\"Nuvem\",\"description\":\"Portugal inspir\u00e9, nature pr\u00e9serv\u00e9e - la mode \u00e9co-consciente\",\"publisher\":{\"@id\":\"https:\/\/nuvem.paris\/#organization\"},\"potentialAction\":[{\"@type\":\"SearchAction\",\"target\":{\"@type\":\"EntryPoint\",\"urlTemplate\":\"https:\/\/nuvem.paris\/?s={search_term_string}\"},\"query-input\":{\"@type\":\"PropertyValueSpecification\",\"valueRequired\":true,\"valueName\":\"search_term_string\"}}],\"inLanguage\":\"fr-FR\"},{\"@type\":\"Organization\",\"@id\":\"https:\/\/nuvem.paris\/#organization\",\"name\":\"Nuvem\",\"url\":\"https:\/\/nuvem.paris\/\",\"logo\":{\"@type\":\"ImageObject\",\"inLanguage\":\"fr-FR\",\"@id\":\"https:\/\/nuvem.paris\/#\/schema\/logo\/image\/\",\"url\":\"https:\/\/nuvem.paris\/wp-content\/uploads\/2024\/04\/autocollant.png\",\"contentUrl\":\"https:\/\/nuvem.paris\/wp-content\/uploads\/2024\/04\/autocollant.png\",\"width\":800,\"height\":360,\"caption\":\"Nuvem\"},\"image\":{\"@id\":\"https:\/\/nuvem.paris\/#\/schema\/logo\/image\/\"}}]}<\/script>\n<!-- \/ Yoast SEO plugin. -->","yoast_head_json":{"title":"Accueil - Nuvem","description":"L\u2019objectif de notre marque de v\u00eatements est de vous proposer des t-shirts de qualit\u00e9, tout en pr\u00e9servant notre plan\u00e8te.","robots":{"index":"index","follow":"follow","max-snippet":"max-snippet:-1","max-image-preview":"max-image-preview:large","max-video-preview":"max-video-preview:-1"},"canonical":"https:\/\/nuvem.paris\/","og_locale":"fr_FR","og_type":"article","og_title":"Accueil - Nuvem","og_description":"L\u2019objectif de notre marque de v\u00eatements est de vous proposer des t-shirts de qualit\u00e9, tout en pr\u00e9servant notre plan\u00e8te.","og_url":"https:\/\/nuvem.paris\/","og_site_name":"Nuvem","article_modified_time":"2025-11-28T20:07:17+00:00","og_image":[{"width":2213,"height":2560,"url":"https:\/\/nuvem.paris\/wp-content\/uploads\/2024\/04\/WhatsApp-Image-2024-04-14-at-21.46.02-3-scaled.jpeg","type":"image\/jpeg"}],"twitter_card":"summary_large_image","twitter_misc":{"Dur\u00e9e de lecture estim\u00e9e":"2 minutes"},"schema":{"@context":"https:\/\/schema.org","@graph":[{"@type":"WebPage","@id":"https:\/\/nuvem.paris\/","url":"https:\/\/nuvem.paris\/","name":"Accueil - Nuvem","isPartOf":{"@id":"https:\/\/nuvem.paris\/#website"},"primaryImageOfPage":{"@id":"https:\/\/nuvem.paris\/#primaryimage"},"image":{"@id":"https:\/\/nuvem.paris\/#primaryimage"},"thumbnailUrl":"https:\/\/nuvem.paris\/wp-content\/uploads\/2024\/04\/WhatsApp-Image-2024-04-14-at-21.46.02-3-885x1024.jpeg","datePublished":"2024-04-12T21:05:41+00:00","dateModified":"2025-11-28T20:07:17+00:00","description":"L\u2019objectif de notre marque de v\u00eatements est de vous proposer des t-shirts de qualit\u00e9, tout en pr\u00e9servant notre plan\u00e8te.","breadcrumb":{"@id":"https:\/\/nuvem.paris\/#breadcrumb"},"inLanguage":"fr-FR","potentialAction":[{"@type":"ReadAction","target":["https:\/\/nuvem.paris\/"]}]},{"@type":"ImageObject","inLanguage":"fr-FR","@id":"https:\/\/nuvem.paris\/#primaryimage","url":"https:\/\/nuvem.paris\/wp-content\/uploads\/2024\/04\/WhatsApp-Image-2024-04-14-at-21.46.02-3-scaled.jpeg","contentUrl":"https:\/\/nuvem.paris\/wp-content\/uploads\/2024\/04\/WhatsApp-Image-2024-04-14-at-21.46.02-3-scaled.jpeg","width":2213,"height":2560},{"@type":"BreadcrumbList","@id":"https:\/\/nuvem.paris\/#breadcrumb","itemListElement":[{"@type":"ListItem","position":1,"name":"Accueil","item":"https:\/\/nuvem.paris\/"},{"@type":"ListItem","position":2,"name":"Accueil"}]},{"@type":"WebSite","@id":"https:\/\/nuvem.paris\/#website","url":"https:\/\/nuvem.paris\/","name":"Nuvem","description":"Portugal inspir\u00e9, nature pr\u00e9serv\u00e9e - la mode \u00e9co-consciente","publisher":{"@id":"https:\/\/nuvem.paris\/#organization"},"potentialAction":[{"@type":"SearchAction","target":{"@type":"EntryPoint","urlTemplate":"https:\/\/nuvem.paris\/?s={search_term_string}"},"query-input":{"@type":"PropertyValueSpecification","valueRequired":true,"valueName":"search_term_string"}}],"inLanguage":"fr-FR"},{"@type":"Organization","@id":"https:\/\/nuvem.paris\/#organization","name":"Nuvem","url":"https:\/\/nuvem.paris\/","logo":{"@type":"ImageObject","inLanguage":"fr-FR","@id":"https:\/\/nuvem.paris\/#\/schema\/logo\/image\/","url":"https:\/\/nuvem.paris\/wp-content\/uploads\/2024\/04\/autocollant.png","contentUrl":"https:\/\/nuvem.paris\/wp-content\/uploads\/2024\/04\/autocollant.png","width":800,"height":360,"caption":"Nuvem"},"image":{"@id":"https:\/\/nuvem.paris\/#\/schema\/logo\/image\/"}}]}},"_links":{"self":[{"href":"https:\/\/nuvem.paris\/index.php\/wp-json\/wp\/v2\/pages\/26","targetHints":{"allow":["GET"]}}],"collection":[{"href":"https:\/\/nuvem.paris\/index.php\/wp-json\/wp\/v2\/pages"}],"about":[{"href":"https:\/\/nuvem.paris\/index.php\/wp-json\/wp\/v2\/types\/page"}],"author":[{"embeddable":true,"href":"https:\/\/nuvem.paris\/index.php\/wp-json\/wp\/v2\/users\/1"}],"replies":[{"embeddable":true,"href":"https:\/\/nuvem.paris\/index.php\/wp-json\/wp\/v2\/comments?post=26"}],"version-history":[{"count":271,"href":"https:\/\/nuvem.paris\/index.php\/wp-json\/wp\/v2\/pages\/26\/revisions"}],"predecessor-version":[{"id":7825,"href":"https:\/\/nuvem.paris\/index.php\/wp-json\/wp\/v2\/pages\/26\/revisions\/7825"}],"wp:attachment":[{"href":"https:\/\/nuvem.paris\/index.php\/wp-json\/wp\/v2\/media?parent=26"}],"curies":[{"name":"wp","href":"https:\/\/api.w.org\/{rel}","templated":true}]}}