{"id":1219,"date":"2024-05-18T18:51:25","date_gmt":"2024-05-18T16:51:25","guid":{"rendered":"https:\/\/nuvem.paris\/?page_id=1219"},"modified":"2024-05-18T19:06:46","modified_gmt":"2024-05-18T17:06:46","slug":"mentions-legales","status":"publish","type":"page","link":"https:\/\/nuvem.paris\/index.php\/mentions-legales\/","title":{"rendered":"Mentions L\u00e9gales"},"content":{"rendered":"\t\t<div data-elementor-type=\"wp-page\" data-elementor-id=\"1219\" class=\"elementor elementor-1219\" data-elementor-post-type=\"page\">\n\t\t\t\t<div class=\"elementor-element elementor-element-e01ec5a e-flex e-con-boxed e-con e-parent\" data-id=\"e01ec5a\" data-element_type=\"container\">\n\t\t\t\t\t<div class=\"e-con-inner\">\n\t\t\t\t<div class=\"elementor-element elementor-element-0415009 elementor-widget elementor-widget-heading\" data-id=\"0415009\" data-element_type=\"widget\" data-widget_type=\"heading.default\">\n\t\t\t\t<div class=\"elementor-widget-container\">\n\t\t\t\t\t<h2 class=\"elementor-heading-title elementor-size-default\">Mentions l\u00e9gales<\/h2>\t\t\t\t<\/div>\n\t\t\t\t<\/div>\n\t\t\t\t<div class=\"elementor-element elementor-element-a17e39b elementor-widget elementor-widget-spacer\" data-id=\"a17e39b\" data-element_type=\"widget\" data-widget_type=\"spacer.default\">\n\t\t\t\t<div class=\"elementor-widget-container\">\n\t\t\t\t\t\t\t<div class=\"elementor-spacer\">\n\t\t\t<div class=\"elementor-spacer-inner\"><\/div>\n\t\t<\/div>\n\t\t\t\t\t\t<\/div>\n\t\t\t\t<\/div>\n\t\t\t\t<div class=\"elementor-element elementor-element-afee4af elementor-widget elementor-widget-text-editor\" data-id=\"afee4af\" data-element_type=\"widget\" data-widget_type=\"text-editor.default\">\n\t\t\t\t<div class=\"elementor-widget-container\">\n\t\t\t\t\t\t\t\t\t<h3>1. Informations sur l&rsquo;\u00e9diteur du site<\/h3><ul><li><strong>Nom ou raison sociale<\/strong> :<br \/><p><i>Nuvem Paris<\/i><\/p><\/li><li><strong>Adresse du si\u00e8ge social<\/strong> :<br \/><p><i>22 Boulevard de la Libert\u00e9 91440 Bures-sur-Yvette<\/i><\/p><\/li><li><p><strong style=\"background-color: transparent; font-family: var( --e-global-typography-text-font-family ), Sans-serif; text-align: var(--text-align);\">Adresse e-mail<\/strong><span style=\"background-color: transparent; font-family: var( --e-global-typography-text-font-family ), Sans-serif; font-weight: var( --e-global-typography-text-font-weight ); text-align: var(--text-align);\"> : contact@nuvem.paris<\/span><\/p><\/li><li><strong>Forme juridique et capital social<\/strong> :<p class=\"p1\"><i>Soci\u00e9t\u00e9 par actions simplifi\u00e9e : 1500 euros<\/i><\/p><\/li><li><strong>Nom du directeur de la publication<\/strong> : OUDIN CHARLES<\/li><li><strong>Num\u00e9ro d\u2019immatriculation au RCS ou au r\u00e9pertoire des m\u00e9tiers<\/strong> :<p class=\"p1\"><i>928 369 560<\/i><\/p><\/li><\/ul><h3>2. Informations sur l\u2019h\u00e9bergeur du site<\/h3><ul><li><strong>Nom ou raison sociale<\/strong> : OVH<\/li><li><strong>Adresse de l&rsquo;h\u00e9bergeur<\/strong> : 2 rue Kellermann &#8211; 59100 Roubaix &#8211; France<\/li><li><strong>Num\u00e9ro de t\u00e9l\u00e9phone<\/strong> : 1007<\/li><\/ul>\t\t\t\t\t\t\t\t<\/div>\n\t\t\t\t<\/div>\n\t\t\t\t\t<\/div>\n\t\t\t\t<\/div>\n\t\t<div class=\"elementor-element elementor-element-8102d64 e-flex e-con-boxed e-con e-parent\" data-id=\"8102d64\" data-element_type=\"container\">\n\t\t\t\t\t<div class=\"e-con-inner\">\n\t\t\t\t<div class=\"elementor-element elementor-element-fb49330 elementor-widget elementor-widget-spacer\" data-id=\"fb49330\" data-element_type=\"widget\" data-widget_type=\"spacer.default\">\n\t\t\t\t<div class=\"elementor-widget-container\">\n\t\t\t\t\t\t\t<div class=\"elementor-spacer\">\n\t\t\t<div class=\"elementor-spacer-inner\"><\/div>\n\t\t<\/div>\n\t\t\t\t\t\t<\/div>\n\t\t\t\t<\/div>\n\t\t\t\t\t<\/div>\n\t\t\t\t<\/div>\n\t\t\t\t<\/div>\n\t\t","protected":false},"excerpt":{"rendered":"<p>Mentions l\u00e9gales 1. Informations sur l&rsquo;\u00e9diteur du site Nom ou raison sociale : Nuvem Paris Adresse du si\u00e8ge social : 22 Boulevard de la Libert\u00e9 91440 Bures-sur-Yvette Adresse e-mail : contact@nuvem.paris Forme juridique et capital social : Soci\u00e9t\u00e9 par actions simplifi\u00e9e : 1500 euros Nom du directeur de la publication : OUDIN CHARLES Num\u00e9ro d\u2019immatriculation [&hellip;]<\/p>\n","protected":false},"author":2,"featured_media":0,"parent":0,"menu_order":0,"comment_status":"closed","ping_status":"closed","template":"elementor_header_footer","meta":{"footnotes":""},"class_list":["post-1219","page","type-page","status-publish","hentry"],"yoast_head":"<!-- This site is optimized with the Yoast SEO plugin v26.2 - https:\/\/yoast.com\/wordpress\/plugins\/seo\/ -->\n<title>Mentions L\u00e9gales - Nuvem<\/title>\n<meta name=\"robots\" content=\"index, follow, max-snippet:-1, max-image-preview:large, max-video-preview:-1\" \/>\n<link rel=\"canonical\" href=\"https:\/\/nuvem.paris\/index.php\/mentions-legales\/\" \/>\n<meta property=\"og:locale\" content=\"fr_FR\" \/>\n<meta property=\"og:type\" content=\"article\" \/>\n<meta property=\"og:title\" content=\"Mentions L\u00e9gales - Nuvem\" \/>\n<meta property=\"og:description\" content=\"Mentions l\u00e9gales 1. Informations sur l&rsquo;\u00e9diteur du site Nom ou raison sociale : Nuvem Paris Adresse du si\u00e8ge social : 22 Boulevard de la Libert\u00e9 91440 Bures-sur-Yvette Adresse e-mail : contact@nuvem.paris Forme juridique et capital social : Soci\u00e9t\u00e9 par actions simplifi\u00e9e : 1500 euros Nom du directeur de la publication : OUDIN CHARLES Num\u00e9ro d\u2019immatriculation [&hellip;]\" \/>\n<meta property=\"og:url\" content=\"https:\/\/nuvem.paris\/index.php\/mentions-legales\/\" \/>\n<meta property=\"og:site_name\" content=\"Nuvem\" \/>\n<meta property=\"article:modified_time\" content=\"2024-05-18T17:06:46+00:00\" \/>\n<meta name=\"twitter:card\" content=\"summary_large_image\" \/>\n<meta name=\"twitter:label1\" content=\"Dur\u00e9e de lecture estim\u00e9e\" \/>\n\t<meta name=\"twitter:data1\" content=\"1 minute\" \/>\n<script type=\"application\/ld+json\" class=\"yoast-schema-graph\">{\"@context\":\"https:\/\/schema.org\",\"@graph\":[{\"@type\":\"WebPage\",\"@id\":\"https:\/\/nuvem.paris\/index.php\/mentions-legales\/\",\"url\":\"https:\/\/nuvem.paris\/index.php\/mentions-legales\/\",\"name\":\"Mentions L\u00e9gales - Nuvem\",\"isPartOf\":{\"@id\":\"https:\/\/nuvem.paris\/#website\"},\"datePublished\":\"2024-05-18T16:51:25+00:00\",\"dateModified\":\"2024-05-18T17:06:46+00:00\",\"breadcrumb\":{\"@id\":\"https:\/\/nuvem.paris\/index.php\/mentions-legales\/#breadcrumb\"},\"inLanguage\":\"fr-FR\",\"potentialAction\":[{\"@type\":\"ReadAction\",\"target\":[\"https:\/\/nuvem.paris\/index.php\/mentions-legales\/\"]}]},{\"@type\":\"BreadcrumbList\",\"@id\":\"https:\/\/nuvem.paris\/index.php\/mentions-legales\/#breadcrumb\",\"itemListElement\":[{\"@type\":\"ListItem\",\"position\":1,\"name\":\"Accueil\",\"item\":\"https:\/\/nuvem.paris\/\"},{\"@type\":\"ListItem\",\"position\":2,\"name\":\"Mentions L\u00e9gales\"}]},{\"@type\":\"WebSite\",\"@id\":\"https:\/\/nuvem.paris\/#website\",\"url\":\"https:\/\/nuvem.paris\/\",\"name\":\"Nuvem\",\"description\":\"Portugal inspir\u00e9, nature pr\u00e9serv\u00e9e - la mode \u00e9co-consciente\",\"publisher\":{\"@id\":\"https:\/\/nuvem.paris\/#organization\"},\"potentialAction\":[{\"@type\":\"SearchAction\",\"target\":{\"@type\":\"EntryPoint\",\"urlTemplate\":\"https:\/\/nuvem.paris\/?s={search_term_string}\"},\"query-input\":{\"@type\":\"PropertyValueSpecification\",\"valueRequired\":true,\"valueName\":\"search_term_string\"}}],\"inLanguage\":\"fr-FR\"},{\"@type\":\"Organization\",\"@id\":\"https:\/\/nuvem.paris\/#organization\",\"name\":\"Nuvem\",\"url\":\"https:\/\/nuvem.paris\/\",\"logo\":{\"@type\":\"ImageObject\",\"inLanguage\":\"fr-FR\",\"@id\":\"https:\/\/nuvem.paris\/#\/schema\/logo\/image\/\",\"url\":\"https:\/\/nuvem.paris\/wp-content\/uploads\/2024\/04\/autocollant.png\",\"contentUrl\":\"https:\/\/nuvem.paris\/wp-content\/uploads\/2024\/04\/autocollant.png\",\"width\":800,\"height\":360,\"caption\":\"Nuvem\"},\"image\":{\"@id\":\"https:\/\/nuvem.paris\/#\/schema\/logo\/image\/\"}}]}<\/script>\n<!-- \/ Yoast SEO plugin. -->","yoast_head_json":{"title":"Mentions L\u00e9gales - Nuvem","robots":{"index":"index","follow":"follow","max-snippet":"max-snippet:-1","max-image-preview":"max-image-preview:large","max-video-preview":"max-video-preview:-1"},"canonical":"https:\/\/nuvem.paris\/index.php\/mentions-legales\/","og_locale":"fr_FR","og_type":"article","og_title":"Mentions L\u00e9gales - Nuvem","og_description":"Mentions l\u00e9gales 1. Informations sur l&rsquo;\u00e9diteur du site Nom ou raison sociale : Nuvem Paris Adresse du si\u00e8ge social : 22 Boulevard de la Libert\u00e9 91440 Bures-sur-Yvette Adresse e-mail : contact@nuvem.paris Forme juridique et capital social : Soci\u00e9t\u00e9 par actions simplifi\u00e9e : 1500 euros Nom du directeur de la publication : OUDIN CHARLES Num\u00e9ro d\u2019immatriculation [&hellip;]","og_url":"https:\/\/nuvem.paris\/index.php\/mentions-legales\/","og_site_name":"Nuvem","article_modified_time":"2024-05-18T17:06:46+00:00","twitter_card":"summary_large_image","twitter_misc":{"Dur\u00e9e de lecture estim\u00e9e":"1 minute"},"schema":{"@context":"https:\/\/schema.org","@graph":[{"@type":"WebPage","@id":"https:\/\/nuvem.paris\/index.php\/mentions-legales\/","url":"https:\/\/nuvem.paris\/index.php\/mentions-legales\/","name":"Mentions L\u00e9gales - Nuvem","isPartOf":{"@id":"https:\/\/nuvem.paris\/#website"},"datePublished":"2024-05-18T16:51:25+00:00","dateModified":"2024-05-18T17:06:46+00:00","breadcrumb":{"@id":"https:\/\/nuvem.paris\/index.php\/mentions-legales\/#breadcrumb"},"inLanguage":"fr-FR","potentialAction":[{"@type":"ReadAction","target":["https:\/\/nuvem.paris\/index.php\/mentions-legales\/"]}]},{"@type":"BreadcrumbList","@id":"https:\/\/nuvem.paris\/index.php\/mentions-legales\/#breadcrumb","itemListElement":[{"@type":"ListItem","position":1,"name":"Accueil","item":"https:\/\/nuvem.paris\/"},{"@type":"ListItem","position":2,"name":"Mentions L\u00e9gales"}]},{"@type":"WebSite","@id":"https:\/\/nuvem.paris\/#website","url":"https:\/\/nuvem.paris\/","name":"Nuvem","description":"Portugal inspir\u00e9, nature pr\u00e9serv\u00e9e - la mode \u00e9co-consciente","publisher":{"@id":"https:\/\/nuvem.paris\/#organization"},"potentialAction":[{"@type":"SearchAction","target":{"@type":"EntryPoint","urlTemplate":"https:\/\/nuvem.paris\/?s={search_term_string}"},"query-input":{"@type":"PropertyValueSpecification","valueRequired":true,"valueName":"search_term_string"}}],"inLanguage":"fr-FR"},{"@type":"Organization","@id":"https:\/\/nuvem.paris\/#organization","name":"Nuvem","url":"https:\/\/nuvem.paris\/","logo":{"@type":"ImageObject","inLanguage":"fr-FR","@id":"https:\/\/nuvem.paris\/#\/schema\/logo\/image\/","url":"https:\/\/nuvem.paris\/wp-content\/uploads\/2024\/04\/autocollant.png","contentUrl":"https:\/\/nuvem.paris\/wp-content\/uploads\/2024\/04\/autocollant.png","width":800,"height":360,"caption":"Nuvem"},"image":{"@id":"https:\/\/nuvem.paris\/#\/schema\/logo\/image\/"}}]}},"_links":{"self":[{"href":"https:\/\/nuvem.paris\/index.php\/wp-json\/wp\/v2\/pages\/1219","targetHints":{"allow":["GET"]}}],"collection":[{"href":"https:\/\/nuvem.paris\/index.php\/wp-json\/wp\/v2\/pages"}],"about":[{"href":"https:\/\/nuvem.paris\/index.php\/wp-json\/wp\/v2\/types\/page"}],"author":[{"embeddable":true,"href":"https:\/\/nuvem.paris\/index.php\/wp-json\/wp\/v2\/users\/2"}],"replies":[{"embeddable":true,"href":"https:\/\/nuvem.paris\/index.php\/wp-json\/wp\/v2\/comments?post=1219"}],"version-history":[{"count":10,"href":"https:\/\/nuvem.paris\/index.php\/wp-json\/wp\/v2\/pages\/1219\/revisions"}],"predecessor-version":[{"id":1231,"href":"https:\/\/nuvem.paris\/index.php\/wp-json\/wp\/v2\/pages\/1219\/revisions\/1231"}],"wp:attachment":[{"href":"https:\/\/nuvem.paris\/index.php\/wp-json\/wp\/v2\/media?parent=1219"}],"curies":[{"name":"wp","href":"https:\/\/api.w.org\/{rel}","templated":true}]}}